{"id":1626,"date":"2019-03-20T20:31:38","date_gmt":"2019-03-20T20:31:38","guid":{"rendered":"https:\/\/test.prosys-bau.com\/test\/?page_id=1626"},"modified":"2019-03-31T21:26:07","modified_gmt":"2019-03-31T21:26:07","slug":"2016-2","status":"publish","type":"page","link":"https:\/\/www.merhamet.ba\/old\/2016-2\/","title":{"rendered":"2016"},"content":{"rendered":"\t\t<div data-elementor-type=\"wp-post\" data-elementor-id=\"1626\" class=\"elementor elementor-1626\">\n\t\t\t\t\t\t<section class=\"elementor-section elementor-top-section elementor-element elementor-element-d6162c1 elementor-section-boxed elementor-section-height-default elementor-section-height-default\" data-id=\"d6162c1\" data-element_type=\"section\" data-e-type=\"section\">\n\t\t\t\t\t\t<div class=\"elementor-container elementor-column-gap-default\">\n\t\t\t\t\t<div class=\"elementor-column elementor-col-100 elementor-top-column elementor-element elementor-element-92f6f4a\" data-id=\"92f6f4a\" data-element_type=\"column\" data-e-type=\"column\">\n\t\t\t<div class=\"elementor-widget-wrap elementor-element-populated\">\n\t\t\t\t\t\t<div class=\"elementor-element elementor-element-d9005a3 elementor-widget elementor-widget-ColorMag-Posts-Block-4\" data-id=\"d9005a3\" data-element_type=\"widget\" data-e-type=\"widget\" data-widget_type=\"ColorMag-Posts-Block-4.default\">\n\t\t\t\t<div class=\"elementor-widget-container\">\n\t\t\t\t\t\n\t\t<div class=\"tg-module-block tg-module-block--style-4 tg-module-wrapper\">\n\t\t\n\t\t<div class=\"tg-module-title-wrap\">\n\t\t\t<h4 class=\"module-title\">\n\t\t\t\t<span>Arhiva 2016<\/span>\n\t\t\t<\/h4>\n\t\t<\/div>\n\n\t\t\n\t\t\t<div class=\"tg_module_block tg-row tg-two-block\">\n\t\t\t\t\t\t\t\t\t\t<figure class=\"tg-module-thumb tg-col-control\">\n\t\t\t\t\t\t\t<a href=\"https:\/\/www.merhamet.ba\/old\/old\/pomoc-aksemonta-narodnoj-kuhinji-imaret-u-tuzli-vrijedna-7-000-km\/\" class=\"tg-thumb-link\">\n\t\t\t<img loading=\"lazy\" decoding=\"async\" loading=\"lazy\" width=\"392\" height=\"272\" src=\"https:\/\/www.merhamet.ba\/old\/wp-content\/uploads\/2019\/03\/2016-Aksemont-1-1-392x272.jpg\" class=\"attachment-colormag-highlighted-post size-colormag-highlighted-post wp-post-image\" alt=\"\" srcset=\"https:\/\/www.merhamet.ba\/old\/wp-content\/uploads\/2019\/03\/2016-Aksemont-1-1-392x272.jpg 392w, https:\/\/www.merhamet.ba\/old\/wp-content\/uploads\/2019\/03\/2016-Aksemont-1-1-130x90.jpg 130w, https:\/\/www.merhamet.ba\/old\/wp-content\/uploads\/2019\/03\/2016-Aksemont-1-1-600x417.jpg 600w\" sizes=\"auto, (max-width: 392px) 100vw, 392px\" \/>\t\t<\/a>\n\t\t\t\t\t<\/figure>\n\t\t\t\t\t\n\t\t\t<div class=\"tg-module-info tg-col-control\">\n\t\t\t\t\t<h3 class=\"tg-module-title entry-title\">\n\t\t\t<a href=\"https:\/\/www.merhamet.ba\/old\/old\/pomoc-aksemonta-narodnoj-kuhinji-imaret-u-tuzli-vrijedna-7-000-km\/\">Pomo\u0107 \u201eAksemonta\u201c Narodnoj kuhinji \u201eImaret\u201c u Tuzli vrijedna 7. 000 KM<\/a>\n\t\t<\/h3>\n\t\t\n\t\t\t\t\n\t\t<div class=\"tg-module-meta\">\n\t\t\t\n\t\t\t<span class=\"tg-post-date entry-date\">\n\t\t\t\t<a href=\"https:\/\/www.merhamet.ba\/old\/old\/pomoc-aksemonta-narodnoj-kuhinji-imaret-u-tuzli-vrijedna-7-000-km\/\" rel=\"bookmark\"><time class=\"entry-date published updated\" datetime=\"2019-03-30T13:15:19+00:00\">March 30, 2019<\/time><\/a>\t\t\t<\/span>\n\n\t\t\t<span class=\"tg-post-auther-name author vcard\">\n\t\t\t\t<a class=\"url fn n\" href=\"https:\/\/www.merhamet.ba\/old\/old\/author\/ruzdija\/\">Editor<\/a>\t\t\t<\/span>\n\n\t\t\t\t\t<\/div>\n\n\t\t\n\t\t\t\t\n\t\t\t\t\t\t\t\t\t<div class=\"tg-excerpt entry-content\">\n\t\t\t\t\t\t<p>&nbsp;\u201eMerhametova\u201c narodna kuhinja \u201eImaret\u201c Tuzla dobila je 12. februara vrijednu pomo\u0107. Rije\u010d je o donaciji srebreni\u010dke firme \u201eAksemont\u201c koja je<\/p>\n\t\t\t\t\t<\/div>\n\n\t\t\t\t\t\t\t\t\t<\/div>\n\t\t\t\t<\/div>\n\n\t\t\t\t\t\t\t\t<\/div>\n\n\t\t\t\t\t\t\t\t<\/div>\n\t\t\t\t<\/div>\n\t\t\t\t\t<\/div>\n\t\t<\/div>\n\t\t\t\t\t<\/div>\n\t\t<\/section>\n\t\t\t\t<\/div>\n\t\t","protected":false},"excerpt":{"rendered":"<p>Arhiva 2016 Pomo\u0107 \u201eAksemonta\u201c Narodnoj kuhinji \u201eImaret\u201c u Tuzli vrijedna 7. 000 KM March 30, 2019 Editor 0 &nbsp;\u201eMerhametova\u201c narodna<\/p>\n","protected":false},"author":5,"featured_media":0,"parent":0,"menu_order":0,"comment_status":"closed","ping_status":"closed","template":"","meta":{"colormag_page_container_layout":"default_layout","colormag_page_sidebar_layout":"default_layout","nf_dc_page":"","footnotes":""},"class_list":["post-1626","page","type-page","status-publish","hentry"],"aioseo_notices":[],"_links":{"self":[{"href":"https:\/\/www.merhamet.ba\/old\/wp-json\/wp\/v2\/pages\/1626","targetHints":{"allow":["GET"]}}],"collection":[{"href":"https:\/\/www.merhamet.ba\/old\/wp-json\/wp\/v2\/pages"}],"about":[{"href":"https:\/\/www.merhamet.ba\/old\/wp-json\/wp\/v2\/types\/page"}],"author":[{"embeddable":true,"href":"https:\/\/www.merhamet.ba\/old\/wp-json\/wp\/v2\/users\/5"}],"replies":[{"embeddable":true,"href":"https:\/\/www.merhamet.ba\/old\/wp-json\/wp\/v2\/comments?post=1626"}],"version-history":[{"count":2,"href":"https:\/\/www.merhamet.ba\/old\/wp-json\/wp\/v2\/pages\/1626\/revisions"}],"predecessor-version":[{"id":2193,"href":"https:\/\/www.merhamet.ba\/old\/wp-json\/wp\/v2\/pages\/1626\/revisions\/2193"}],"wp:attachment":[{"href":"https:\/\/www.merhamet.ba\/old\/wp-json\/wp\/v2\/media?parent=1626"}],"curies":[{"name":"wp","href":"https:\/\/api.w.org\/{rel}","templated":true}]}}