{"id":1266,"date":"2019-03-11T23:22:43","date_gmt":"2019-03-11T23:22:43","guid":{"rendered":"https:\/\/test.prosys-bau.com\/test\/?page_id=1266"},"modified":"2020-01-04T13:04:48","modified_gmt":"2020-01-04T13:04:48","slug":"ro-tuzla-2","status":"publish","type":"page","link":"https:\/\/www.merhamet.ba\/old\/ro-tuzla-2\/","title":{"rendered":"RO Tuzla"},"content":{"rendered":"\t\t<div data-elementor-type=\"wp-post\" data-elementor-id=\"1266\" class=\"elementor elementor-1266\">\n\t\t\t\t\t\t<section class=\"elementor-section elementor-top-section elementor-element elementor-element-49d9b58 elementor-section-boxed elementor-section-height-default elementor-section-height-default\" data-id=\"49d9b58\" data-element_type=\"section\" data-e-type=\"section\">\n\t\t\t\t\t\t<div class=\"elementor-container elementor-column-gap-default\">\n\t\t\t\t\t<div class=\"elementor-column elementor-col-33 elementor-top-column elementor-element elementor-element-f7bdfac\" data-id=\"f7bdfac\" data-element_type=\"column\" data-e-type=\"column\">\n\t\t\t<div class=\"elementor-widget-wrap elementor-element-populated\">\n\t\t\t\t\t\t<div class=\"elementor-element elementor-element-6687f0d elementor-widget elementor-widget-text-editor\" data-id=\"6687f0d\" data-element_type=\"widget\" data-e-type=\"widget\" data-widget_type=\"text-editor.default\">\n\t\t\t\t<div class=\"elementor-widget-container\">\n\t\t\t\t\t\t\t\t\t<h6><span style=\"font-family: Roboto; font-size: 24px;\"><strong>REGIONALNI ODBOR TUZLA<\/strong><\/span><\/h6><p><span style=\"font-family: Roboto; font-size: 16px;\">Direktor: Mensura Husanovi\u0107<\/span><\/p><p><span style=\"font-family: Roboto; font-size: 16px;\">Adresa: Patriotske lige br. 18<\/span><\/p><p><span style=\"font-family: Roboto; font-size: 16px;\">Tel.\/fax: 035\/252-149, 255-137<\/span><br \/><span style=\"font-family: Roboto; font-size: 16px;\">Narodna kuhinja \u201eImaret\u201c: 035\/ 258-111<\/span><\/p><p><span style=\"font-family: Roboto; font-size: 16px;\">E-mail: merhamettuzla@yahoo.com<\/span><\/p><p><span style=\"font-family: Roboto; font-size: 16px;\">ID broj: 4200584980269<\/span><\/p><p><span style=\"font-family: Roboto; font-size: 16px;\">Transakcijski ra\u010dun:\u00a0\u00a0<\/span><br \/><span style=\"font-family: Roboto; font-size: 16px;\">1321000309575896 \u2013 NLB Tuzlanska banka d.d. Tuzla\u00a0<\/span><br \/><span style=\"font-family: Roboto; font-size: 16px;\">1990500006345835 \u2013 ABS banke d.d. Sarajevo, Filijala Tuzla\u00a0<\/span><\/p>\t\t\t\t\t\t\t\t<\/div>\n\t\t\t\t<\/div>\n\t\t\t\t\t<\/div>\n\t\t<\/div>\n\t\t\t\t<div class=\"elementor-column elementor-col-66 elementor-top-column elementor-element elementor-element-3d6a01a\" data-id=\"3d6a01a\" data-element_type=\"column\" data-e-type=\"column\">\n\t\t\t<div class=\"elementor-widget-wrap elementor-element-populated\">\n\t\t\t\t\t\t<div class=\"elementor-element elementor-element-2680cd0 elementor-widget elementor-widget-google_maps\" data-id=\"2680cd0\" data-element_type=\"widget\" data-e-type=\"widget\" data-widget_type=\"google_maps.default\">\n\t\t\t\t<div class=\"elementor-widget-container\">\n\t\t\t\t\t\t\t<div class=\"elementor-custom-embed\">\n\t\t\t<iframe loading=\"lazy\"\n\t\t\t\t\tsrc=\"https:\/\/maps.google.com\/maps?q=patriotske%20lige%2018%20tuzla&#038;t=m&#038;z=12&#038;output=embed&#038;iwloc=near\"\n\t\t\t\t\ttitle=\"patriotske lige 18 tuzla\"\n\t\t\t\t\taria-label=\"patriotske lige 18 tuzla\"\n\t\t\t><\/iframe>\n\t\t<\/div>\n\t\t\t\t\t\t<\/div>\n\t\t\t\t<\/div>\n\t\t\t\t\t<\/div>\n\t\t<\/div>\n\t\t\t\t\t<\/div>\n\t\t<\/section>\n\t\t\t\t<section class=\"elementor-section elementor-top-section elementor-element elementor-element-56dee43 elementor-section-boxed elementor-section-height-default elementor-section-height-default\" data-id=\"56dee43\" data-element_type=\"section\" data-e-type=\"section\">\n\t\t\t\t\t\t<div class=\"elementor-container elementor-column-gap-default\">\n\t\t\t\t\t<div class=\"elementor-column elementor-col-33 elementor-top-column elementor-element elementor-element-2c73fec\" data-id=\"2c73fec\" data-element_type=\"column\" data-e-type=\"column\">\n\t\t\t<div class=\"elementor-widget-wrap elementor-element-populated\">\n\t\t\t\t\t\t<div class=\"elementor-element elementor-element-4a8f443 elementor-widget elementor-widget-text-editor\" data-id=\"4a8f443\" data-element_type=\"widget\" data-e-type=\"widget\" data-widget_type=\"text-editor.default\">\n\t\t\t\t<div class=\"elementor-widget-container\">\n\t\t\t\t\t\t\t\t\t<h6><strong>Osnovni odbor Tuzla<\/strong><\/h6><p>Sekretar: Senada Smaji\u0107<\/p><p>Adresa: Patriotske lige br. 18<\/p><p>Tel.\/fax: 035\/252-149, 255-137<\/p><p>ID broj: 4200584980382<\/p><p>Transakcijski ra\u010din:<br \/>1321000309209624 \u2013 NLB Tuzlanskabankad.d. Tuzla<br \/>\u00a01990500006618017 \u2013 Sparkasse banka d.d. Sarajevo, Filijala Tuzla<\/p>\t\t\t\t\t\t\t\t<\/div>\n\t\t\t\t<\/div>\n\t\t\t\t\t<\/div>\n\t\t<\/div>\n\t\t\t\t<div class=\"elementor-column elementor-col-33 elementor-top-column elementor-element elementor-element-7d25e9d\" data-id=\"7d25e9d\" data-element_type=\"column\" data-e-type=\"column\">\n\t\t\t<div class=\"elementor-widget-wrap elementor-element-populated\">\n\t\t\t\t\t\t<div class=\"elementor-element elementor-element-92097d4 elementor-widget elementor-widget-text-editor\" data-id=\"92097d4\" data-element_type=\"widget\" data-e-type=\"widget\" data-widget_type=\"text-editor.default\">\n\t\t\t\t<div class=\"elementor-widget-container\">\n\t\t\t\t\t\t\t\t\t<h6><strong>Osnovni odbor Gra\u010danica<\/strong><\/h6><p>Sekretar: Refik \u0160erbe\u010di\u0107<\/p><p>Adresa: Mehmeda Vehbi ef. \u0160emsekadi\u0107a, Gra\u010danica<\/p><p>Tel: 062-383-457<\/p><p>E-mail: merhametgracanica@hotmail.com<\/p><p>ID broj: 4200584980358<\/p><p>Transakcijski ra\u010din:<br \/>1603600036192680 \u2013 Vakufska banka d.d.<\/p>\t\t\t\t\t\t\t\t<\/div>\n\t\t\t\t<\/div>\n\t\t\t\t\t<\/div>\n\t\t<\/div>\n\t\t\t\t<div class=\"elementor-column elementor-col-33 elementor-top-column elementor-element elementor-element-e8b445c\" data-id=\"e8b445c\" data-element_type=\"column\" data-e-type=\"column\">\n\t\t\t<div class=\"elementor-widget-wrap elementor-element-populated\">\n\t\t\t\t\t\t<div class=\"elementor-element elementor-element-684884e elementor-widget elementor-widget-text-editor\" data-id=\"684884e\" data-element_type=\"widget\" data-e-type=\"widget\" data-widget_type=\"text-editor.default\">\n\t\t\t\t<div class=\"elementor-widget-container\">\n\t\t\t\t\t\t\t\t\t<h6><strong>Osnovni odbor Lukavac<\/strong><\/h6><p>Sekretar: Muris Tufek\u010di\u0107<\/p><p>Adresa: Bra\u0107e Karamehmedovi\u0107a bb, Lukavac<\/p><p>Tel: 035-547-370, 061-567-247,<\/p><p>E-mail: nermin.kovacevic@hotmail.com<\/p><p>ID broj: 4200584980366<\/p><p>Transakcijski ra\u010din:<br \/>1990500007175088 \u2013 Sparkassebankad.d. Sarajevo, Poslovnica Lukavac<\/p>\t\t\t\t\t\t\t\t<\/div>\n\t\t\t\t<\/div>\n\t\t\t\t\t<\/div>\n\t\t<\/div>\n\t\t\t\t\t<\/div>\n\t\t<\/section>\n\t\t\t\t<section class=\"elementor-section elementor-top-section elementor-element elementor-element-19be290 elementor-section-boxed elementor-section-height-default elementor-section-height-default\" data-id=\"19be290\" data-element_type=\"section\" data-e-type=\"section\">\n\t\t\t\t\t\t<div class=\"elementor-container elementor-column-gap-default\">\n\t\t\t\t\t<div class=\"elementor-column elementor-col-33 elementor-top-column elementor-element elementor-element-f41fb93\" data-id=\"f41fb93\" data-element_type=\"column\" data-e-type=\"column\">\n\t\t\t<div class=\"elementor-widget-wrap elementor-element-populated\">\n\t\t\t\t\t\t<div class=\"elementor-element elementor-element-f8d9cee elementor-widget elementor-widget-text-editor\" data-id=\"f8d9cee\" data-element_type=\"widget\" data-e-type=\"widget\" data-widget_type=\"text-editor.default\">\n\t\t\t\t<div class=\"elementor-widget-container\">\n\t\t\t\t\t\t\t\t\t<h6><strong>Osnovni odbor Kalesija<\/strong><\/h6><p>Sekretar: Muhamed Berbi\u0107<\/p><p>Adresa: Patriotske lige bb, Kalesija<\/p><p>Telefon: 061\/656-946<\/p><p>E-mail: merhametkalesija@gmail.com<\/p><p>ID broj: 4200584980323<\/p><p>Transakcijski ra\u010din:<br \/>1321400311661764 \u2013 NLB Tuzlanska banka d.d. Tuzla<\/p>\t\t\t\t\t\t\t\t<\/div>\n\t\t\t\t<\/div>\n\t\t\t\t\t<\/div>\n\t\t<\/div>\n\t\t\t\t<div class=\"elementor-column elementor-col-33 elementor-top-column elementor-element elementor-element-10116ab\" data-id=\"10116ab\" data-element_type=\"column\" data-e-type=\"column\">\n\t\t\t<div class=\"elementor-widget-wrap elementor-element-populated\">\n\t\t\t\t\t\t<div class=\"elementor-element elementor-element-5f29df2 elementor-widget elementor-widget-text-editor\" data-id=\"5f29df2\" data-element_type=\"widget\" data-e-type=\"widget\" data-widget_type=\"text-editor.default\">\n\t\t\t\t<div class=\"elementor-widget-container\">\n\t\t\t\t\t\t\t\t\t<h6><strong>Osnovni odbor \u017divinice<\/strong><\/h6><p>Sekretar: Kerim Traki\u0107<\/p><p>Adresa: Ba\u0161igovci bb, \u017divinice<\/p><p>Telefon: 062\/557-198<\/p><p>E-mail: kerim.zivinice@gmail.com<\/p><p>ID Broj: 4200584980412<\/p><p>Transakcijski ra\u010din:<br \/>1990500007158113 \u2013 Sparkasse banka d.d. Sarajevo, Poslovnica \u017divinice<\/p>\t\t\t\t\t\t\t\t<\/div>\n\t\t\t\t<\/div>\n\t\t\t\t\t<\/div>\n\t\t<\/div>\n\t\t\t\t<div class=\"elementor-column elementor-col-33 elementor-top-column elementor-element elementor-element-80cbe2c\" data-id=\"80cbe2c\" data-element_type=\"column\" data-e-type=\"column\">\n\t\t\t<div class=\"elementor-widget-wrap elementor-element-populated\">\n\t\t\t\t\t\t<div class=\"elementor-element elementor-element-f3295ca elementor-widget elementor-widget-text-editor\" data-id=\"f3295ca\" data-element_type=\"widget\" data-e-type=\"widget\" data-widget_type=\"text-editor.default\">\n\t\t\t\t<div class=\"elementor-widget-container\">\n\t\t\t\t\t\t\t\t\t<h6><strong>Osnovni odbor Srebrenik<\/strong><\/h6><p>Sekretar: Osman Muji\u0107<\/p><p>Adresa: M. Tita 49, Srebrenik<\/p><p>Tel: 061-757-162<\/p><p>E-mail: osman-mujic@hotmail.com<\/p><p>ID broj: 4200584980374<\/p><p>Transakcijski ra\u010din:<br \/>1321500310130517 \u2013 NLB Tuzlanska banka d.d. Tuzla<\/p>\t\t\t\t\t\t\t\t<\/div>\n\t\t\t\t<\/div>\n\t\t\t\t\t<\/div>\n\t\t<\/div>\n\t\t\t\t\t<\/div>\n\t\t<\/section>\n\t\t\t\t<section class=\"elementor-section elementor-top-section elementor-element elementor-element-f0fca79 elementor-section-boxed elementor-section-height-default elementor-section-height-default\" data-id=\"f0fca79\" data-element_type=\"section\" data-e-type=\"section\">\n\t\t\t\t\t\t<div class=\"elementor-container elementor-column-gap-default\">\n\t\t\t\t\t<div class=\"elementor-column elementor-col-33 elementor-top-column elementor-element elementor-element-2783c1a\" data-id=\"2783c1a\" data-element_type=\"column\" data-e-type=\"column\">\n\t\t\t<div class=\"elementor-widget-wrap elementor-element-populated\">\n\t\t\t\t\t\t<div class=\"elementor-element elementor-element-01af719 elementor-widget elementor-widget-text-editor\" data-id=\"01af719\" data-element_type=\"widget\" data-e-type=\"widget\" data-widget_type=\"text-editor.default\">\n\t\t\t\t<div class=\"elementor-widget-container\">\n\t\t\t\t\t\t\t\t\t<h6><strong>Osnovni odbor \u010celi\u0107<\/strong><\/h6><p>Sekretar: Hajrudin \u010citakovi\u0107<\/p><p>Adresa: \u010celi\u0107<\/p><p>Tel: 061-664-931<\/p><p>E-mail:<\/p><p>ID broj: 4200584980293<\/p><p>Transakcijski ra\u010din:<br \/>1322202008329464 \u2013 NLB Tuzlanska banka d.d. Tuzla<\/p>\t\t\t\t\t\t\t\t<\/div>\n\t\t\t\t<\/div>\n\t\t\t\t\t<\/div>\n\t\t<\/div>\n\t\t\t\t<div class=\"elementor-column elementor-col-33 elementor-top-column elementor-element elementor-element-2df15d3\" data-id=\"2df15d3\" data-element_type=\"column\" data-e-type=\"column\">\n\t\t\t<div class=\"elementor-widget-wrap elementor-element-populated\">\n\t\t\t\t\t\t<div class=\"elementor-element elementor-element-3e3e186 elementor-widget elementor-widget-text-editor\" data-id=\"3e3e186\" data-element_type=\"widget\" data-e-type=\"widget\" data-widget_type=\"text-editor.default\">\n\t\t\t\t<div class=\"elementor-widget-container\">\n\t\t\t\t\t\t\t\t\t<h6><strong>Osnovni odbor Kladanj<\/strong><\/h6><p>Sekretar: Senada Avdibegovi\u0107<\/p><p>Adresa: Kladanj<\/p><p>Tel: 061-868-468<\/p><p>E-mail:<\/p><p>ID broj: 4200584980331<\/p><p>Transakcijski ra\u010din:<br \/>1321600311788339 \u2013 NLB Tuzlanska banka d.d. Tuzla<\/p>\t\t\t\t\t\t\t\t<\/div>\n\t\t\t\t<\/div>\n\t\t\t\t\t<\/div>\n\t\t<\/div>\n\t\t\t\t<div class=\"elementor-column elementor-col-33 elementor-top-column elementor-element elementor-element-77ad3af\" data-id=\"77ad3af\" data-element_type=\"column\" data-e-type=\"column\">\n\t\t\t<div class=\"elementor-widget-wrap elementor-element-populated\">\n\t\t\t\t\t\t<div class=\"elementor-element elementor-element-b6d9e9e elementor-widget elementor-widget-text-editor\" data-id=\"b6d9e9e\" data-element_type=\"widget\" data-e-type=\"widget\" data-widget_type=\"text-editor.default\">\n\t\t\t\t<div class=\"elementor-widget-container\">\n\t\t\t\t\t\t\t\t\t<h6><strong>Osnovni odbor Banovi\u0107i<\/strong><\/h6>\n<p>Sekretar: Nedim Smajlovi\u0107<\/p>\n<p>Adresa: Banovi\u0107i<\/p>\n<p>Tel: 061-590-681<\/p>\n<p>E-mail: n-edim@live.com merhametbanovici@hotmail.com<\/p>\n<p>ID:<\/p>\n<p>Transakcijski ra\u010din:<\/p>\n<p><\/p>\t\t\t\t\t\t\t\t<\/div>\n\t\t\t\t<\/div>\n\t\t\t\t\t<\/div>\n\t\t<\/div>\n\t\t\t\t\t<\/div>\n\t\t<\/section>\n\t\t\t\t<section class=\"elementor-section elementor-top-section elementor-element elementor-element-0852290 elementor-section-boxed elementor-section-height-default elementor-section-height-default\" data-id=\"0852290\" data-element_type=\"section\" data-e-type=\"section\">\n\t\t\t\t\t\t<div class=\"elementor-container elementor-column-gap-default\">\n\t\t\t\t\t<div class=\"elementor-column elementor-col-100 elementor-top-column elementor-element elementor-element-e345cbf\" data-id=\"e345cbf\" data-element_type=\"column\" data-e-type=\"column\">\n\t\t\t<div class=\"elementor-widget-wrap elementor-element-populated\">\n\t\t\t\t\t\t<div class=\"elementor-element elementor-element-4f3f6c9 elementor-widget elementor-widget-text-editor\" data-id=\"4f3f6c9\" data-element_type=\"widget\" data-e-type=\"widget\" data-widget_type=\"text-editor.default\">\n\t\t\t\t<div class=\"elementor-widget-container\">\n\t\t\t\t\t\t\t\t\t<h5><strong>OSNOVNI ODBORI U RS<\/strong><\/h5>\t\t\t\t\t\t\t\t<\/div>\n\t\t\t\t<\/div>\n\t\t\t\t\t<\/div>\n\t\t<\/div>\n\t\t\t\t\t<\/div>\n\t\t<\/section>\n\t\t\t\t<section class=\"elementor-section elementor-top-section elementor-element elementor-element-6ab3058 elementor-section-boxed elementor-section-height-default elementor-section-height-default\" data-id=\"6ab3058\" data-element_type=\"section\" data-e-type=\"section\">\n\t\t\t\t\t\t<div class=\"elementor-container elementor-column-gap-default\">\n\t\t\t\t\t<div class=\"elementor-column elementor-col-33 elementor-top-column elementor-element elementor-element-69d302f\" data-id=\"69d302f\" data-element_type=\"column\" data-e-type=\"column\">\n\t\t\t<div class=\"elementor-widget-wrap elementor-element-populated\">\n\t\t\t\t\t\t<div class=\"elementor-element elementor-element-90505cb elementor-widget elementor-widget-text-editor\" data-id=\"90505cb\" data-element_type=\"widget\" data-e-type=\"widget\" data-widget_type=\"text-editor.default\">\n\t\t\t\t<div class=\"elementor-widget-container\">\n\t\t\t\t\t\t\t\t\t<h6><strong>Osnovni odbor Srebrenica<\/strong><\/h6><p>Sekretar: Sadmir Nuki\u0107<\/p><p>Adresa: Srebrenica<\/p><p>Tel: 061-880-249<\/p><p>E-mail: merhamet.srebrenica@gmail.com<br \/>ID broj:<\/p><p>Transakcijski ra\u010din:<\/p>\t\t\t\t\t\t\t\t<\/div>\n\t\t\t\t<\/div>\n\t\t\t\t\t<\/div>\n\t\t<\/div>\n\t\t\t\t<div class=\"elementor-column elementor-col-33 elementor-top-column elementor-element elementor-element-5e645b9\" data-id=\"5e645b9\" data-element_type=\"column\" data-e-type=\"column\">\n\t\t\t<div class=\"elementor-widget-wrap elementor-element-populated\">\n\t\t\t\t\t\t<div class=\"elementor-element elementor-element-6462a72 elementor-widget elementor-widget-text-editor\" data-id=\"6462a72\" data-element_type=\"widget\" data-e-type=\"widget\" data-widget_type=\"text-editor.default\">\n\t\t\t\t<div class=\"elementor-widget-container\">\n\t\t\t\t\t\t\t\t\t<h6><strong>Osnovni odbor Bijeljina<\/strong><\/h6><p>Sekretar: Azra Medini\u0107<\/p><p>Adresa:<\/p><p>Tel: 065-662-674<\/p><p>E-mail: azramedini@yahoo.com<\/p>\t\t\t\t\t\t\t\t<\/div>\n\t\t\t\t<\/div>\n\t\t\t\t\t<\/div>\n\t\t<\/div>\n\t\t\t\t<div class=\"elementor-column elementor-col-33 elementor-top-column elementor-element elementor-element-77430b3\" data-id=\"77430b3\" data-element_type=\"column\" data-e-type=\"column\">\n\t\t\t<div class=\"elementor-widget-wrap\">\n\t\t\t\t\t\t\t<\/div>\n\t\t<\/div>\n\t\t\t\t\t<\/div>\n\t\t<\/section>\n\t\t\t\t<\/div>\n\t\t","protected":false},"excerpt":{"rendered":"<p>REGIONALNI ODBOR TUZLA Direktor: Mensura Husanovi\u0107 Adresa: Patriotske lige br. 18 Tel.\/fax: 035\/252-149, 255-137Narodna kuhinja \u201eImaret\u201c: 035\/ 258-111 E-mail: merhamettuzla@yahoo.com<\/p>\n","protected":false},"author":5,"featured_media":0,"parent":0,"menu_order":0,"comment_status":"closed","ping_status":"closed","template":"","meta":{"colormag_page_container_layout":"default_layout","colormag_page_sidebar_layout":"default_layout","nf_dc_page":"","footnotes":""},"class_list":["post-1266","page","type-page","status-publish","hentry"],"aioseo_notices":[],"_links":{"self":[{"href":"https:\/\/www.merhamet.ba\/old\/wp-json\/wp\/v2\/pages\/1266","targetHints":{"allow":["GET"]}}],"collection":[{"href":"https:\/\/www.merhamet.ba\/old\/wp-json\/wp\/v2\/pages"}],"about":[{"href":"https:\/\/www.merhamet.ba\/old\/wp-json\/wp\/v2\/types\/page"}],"author":[{"embeddable":true,"href":"https:\/\/www.merhamet.ba\/old\/wp-json\/wp\/v2\/users\/5"}],"replies":[{"embeddable":true,"href":"https:\/\/www.merhamet.ba\/old\/wp-json\/wp\/v2\/comments?post=1266"}],"version-history":[{"count":5,"href":"https:\/\/www.merhamet.ba\/old\/wp-json\/wp\/v2\/pages\/1266\/revisions"}],"predecessor-version":[{"id":4604,"href":"https:\/\/www.merhamet.ba\/old\/wp-json\/wp\/v2\/pages\/1266\/revisions\/4604"}],"wp:attachment":[{"href":"https:\/\/www.merhamet.ba\/old\/wp-json\/wp\/v2\/media?parent=1266"}],"curies":[{"name":"wp","href":"https:\/\/api.w.org\/{rel}","templated":true}]}}