{"id":1255,"date":"2019-03-11T23:14:15","date_gmt":"2019-03-11T23:14:15","guid":{"rendered":"https:\/\/test.prosys-bau.com\/test\/?page_id=1255"},"modified":"2021-07-19T09:52:35","modified_gmt":"2021-07-19T09:52:35","slug":"ro-bihac-2","status":"publish","type":"page","link":"https:\/\/www.merhamet.ba\/old\/ro-bihac-2\/","title":{"rendered":"RO Biha\u0107"},"content":{"rendered":"\t\t<div data-elementor-type=\"wp-post\" data-elementor-id=\"1255\" class=\"elementor elementor-1255\">\n\t\t\t\t\t\t<section class=\"elementor-section elementor-top-section elementor-element elementor-element-7df52d7 elementor-section-boxed elementor-section-height-default elementor-section-height-default\" data-id=\"7df52d7\" data-element_type=\"section\" data-e-type=\"section\">\n\t\t\t\t\t\t<div class=\"elementor-container elementor-column-gap-default\">\n\t\t\t\t\t<div class=\"elementor-column elementor-col-33 elementor-top-column elementor-element elementor-element-b09474c\" data-id=\"b09474c\" data-element_type=\"column\" data-e-type=\"column\">\n\t\t\t<div class=\"elementor-widget-wrap elementor-element-populated\">\n\t\t\t\t\t\t<div class=\"elementor-element elementor-element-b50d400 elementor-widget elementor-widget-text-editor\" data-id=\"b50d400\" data-element_type=\"widget\" data-e-type=\"widget\" data-widget_type=\"text-editor.default\">\n\t\t\t\t<div class=\"elementor-widget-container\">\n\t\t\t\t\t\t\t\t\t<h5><strong>RO Biha\u0107<\/strong><\/h5><p>Direktor: Alen Pro\u0161i\u0107<\/p><p>Adresa: Mid\u017ei\u0107 mahala br.3<\/p><p>Tel\/fax: 037-311-728<\/p><p>E-mail: merhamet.usk@gmail.com<\/p><p>ID broj: 4200584980455<\/p><p>Transakcijski ra\u010dun:<br \/>199-045-000-2154-807<\/p>\t\t\t\t\t\t\t\t<\/div>\n\t\t\t\t<\/div>\n\t\t\t\t\t<\/div>\n\t\t<\/div>\n\t\t\t\t<div class=\"elementor-column elementor-col-66 elementor-top-column elementor-element elementor-element-900e412\" data-id=\"900e412\" data-element_type=\"column\" data-e-type=\"column\">\n\t\t\t<div class=\"elementor-widget-wrap elementor-element-populated\">\n\t\t\t\t\t\t<div class=\"elementor-element elementor-element-7e8a2ea elementor-widget elementor-widget-google_maps\" data-id=\"7e8a2ea\" data-element_type=\"widget\" data-e-type=\"widget\" data-widget_type=\"google_maps.default\">\n\t\t\t\t<div class=\"elementor-widget-container\">\n\t\t\t\t\t\t\t<div class=\"elementor-custom-embed\">\n\t\t\t<iframe loading=\"lazy\"\n\t\t\t\t\tsrc=\"https:\/\/maps.google.com\/maps?q=midzic%20mahala%203&#038;t=m&#038;z=10&#038;output=embed&#038;iwloc=near\"\n\t\t\t\t\ttitle=\"midzic mahala 3\"\n\t\t\t\t\taria-label=\"midzic mahala 3\"\n\t\t\t><\/iframe>\n\t\t<\/div>\n\t\t\t\t\t\t<\/div>\n\t\t\t\t<\/div>\n\t\t\t\t\t<\/div>\n\t\t<\/div>\n\t\t\t\t\t<\/div>\n\t\t<\/section>\n\t\t\t\t<section class=\"elementor-section elementor-top-section elementor-element elementor-element-8609561 elementor-section-boxed elementor-section-height-default elementor-section-height-default\" data-id=\"8609561\" data-element_type=\"section\" data-e-type=\"section\">\n\t\t\t\t\t\t<div class=\"elementor-container elementor-column-gap-default\">\n\t\t\t\t\t<div class=\"elementor-column elementor-col-33 elementor-top-column elementor-element elementor-element-547cbed\" data-id=\"547cbed\" data-element_type=\"column\" data-e-type=\"column\">\n\t\t\t<div class=\"elementor-widget-wrap elementor-element-populated\">\n\t\t\t\t\t\t<div class=\"elementor-element elementor-element-98e2b33 elementor-widget elementor-widget-text-editor\" data-id=\"98e2b33\" data-element_type=\"widget\" data-e-type=\"widget\" data-widget_type=\"text-editor.default\">\n\t\t\t\t<div class=\"elementor-widget-container\">\n\t\t\t\t\t\t\t\t\t<h5><strong>Osnovni odbor Cazin<\/strong><\/h5><p>Sekretar: Emir \u0106ehi\u0107<\/p><p>Adresa: Razije Omanovi\u0107 b.b.<\/p><p>Tel: 061-105-203<\/p><p>E-mail: merhamet.usk@gmail.com<\/p><p>ID broj: 4200584980471<\/p><p>Transakcijski ra\u010dun:<br \/>338-900-220-262-92-56<\/p><p>\u00a0<\/p><h5>\u00a0<\/h5>\t\t\t\t\t\t\t\t<\/div>\n\t\t\t\t<\/div>\n\t\t\t\t\t<\/div>\n\t\t<\/div>\n\t\t\t\t<div class=\"elementor-column elementor-col-33 elementor-top-column elementor-element elementor-element-91e874d\" data-id=\"91e874d\" data-element_type=\"column\" data-e-type=\"column\">\n\t\t\t<div class=\"elementor-widget-wrap elementor-element-populated\">\n\t\t\t\t\t\t<div class=\"elementor-element elementor-element-df773bd elementor-widget elementor-widget-text-editor\" data-id=\"df773bd\" data-element_type=\"widget\" data-e-type=\"widget\" data-widget_type=\"text-editor.default\">\n\t\t\t\t<div class=\"elementor-widget-container\">\n\t\t\t\t\t\t\t\t\t<h5><strong>Osnovni odbor Velika Kladu\u0161a<\/strong><\/h5>\n<p>Sekretar: Omer \u0106ehi\u0107<\/p>\n<p>Adresa:<\/p>\n<p>Tel: 062-557-353<\/p>\n<p>E-mail:<\/p>\n<p>ID broj:<\/p>\n<p>Transakcijski ra\u010dun:<\/p>\t\t\t\t\t\t\t\t<\/div>\n\t\t\t\t<\/div>\n\t\t\t\t\t<\/div>\n\t\t<\/div>\n\t\t\t\t<div class=\"elementor-column elementor-col-33 elementor-top-column elementor-element elementor-element-abb1d14\" data-id=\"abb1d14\" data-element_type=\"column\" data-e-type=\"column\">\n\t\t\t<div class=\"elementor-widget-wrap elementor-element-populated\">\n\t\t\t\t\t\t<div class=\"elementor-element elementor-element-eb33741 elementor-widget elementor-widget-text-editor\" data-id=\"eb33741\" data-element_type=\"widget\" data-e-type=\"widget\" data-widget_type=\"text-editor.default\">\n\t\t\t\t<div class=\"elementor-widget-container\">\n\t\t\t\t\t\t\t\t\t<h5><strong>Osnovni odbor Bosanski Petrovac<\/strong><\/h5><p>Sekretar: Rifet Nuki\u0107<\/p><p>Adresa: Bahi\u0107i b.b., Bosanski Petrovac<br \/>Tel: 062-916-256<\/p><p>E-mail: merhamet.usk@gmail.com\u00a0\u00a0<\/p><p>ID broj:\u00a0<\/p><p>Transakcijski ra\u010dun:<\/p>\t\t\t\t\t\t\t\t<\/div>\n\t\t\t\t<\/div>\n\t\t\t\t\t<\/div>\n\t\t<\/div>\n\t\t\t\t\t<\/div>\n\t\t<\/section>\n\t\t\t\t<section class=\"elementor-section elementor-top-section elementor-element elementor-element-a042194 elementor-section-boxed elementor-section-height-default elementor-section-height-default\" data-id=\"a042194\" data-element_type=\"section\" data-e-type=\"section\">\n\t\t\t\t\t\t<div class=\"elementor-container elementor-column-gap-default\">\n\t\t\t\t\t<div class=\"elementor-column elementor-col-50 elementor-top-column elementor-element elementor-element-0a1f04a\" data-id=\"0a1f04a\" data-element_type=\"column\" data-e-type=\"column\">\n\t\t\t<div class=\"elementor-widget-wrap elementor-element-populated\">\n\t\t\t\t\t\t<div class=\"elementor-element elementor-element-bd5a7a1 elementor-widget elementor-widget-text-editor\" data-id=\"bd5a7a1\" data-element_type=\"widget\" data-e-type=\"widget\" data-widget_type=\"text-editor.default\">\n\t\t\t\t<div class=\"elementor-widget-container\">\n\t\t\t\t\t\t\t\t\t<h5><strong>Osnovni odbor Klju\u010d<\/strong><\/h5><p>Sekretar: Teufik Bajri\u0107<\/p><p>Adresa: Zgrada op\u0107ine Klju\u010d<\/p><p>E-mail: merhamet.usk@gmail.com\u00a0\u00a0<\/p><p>Tel: 037-661-069, 061-780-812<\/p><p>ID broj: 161 0000 149230049<\/p><p>Transakcijski ra\u010dun:<\/p><p>\u00a0<\/p><p>\u00a0<\/p>\t\t\t\t\t\t\t\t<\/div>\n\t\t\t\t<\/div>\n\t\t\t\t\t<\/div>\n\t\t<\/div>\n\t\t\t\t<div class=\"elementor-column elementor-col-50 elementor-top-column elementor-element elementor-element-0379bd4\" data-id=\"0379bd4\" data-element_type=\"column\" data-e-type=\"column\">\n\t\t\t<div class=\"elementor-widget-wrap elementor-element-populated\">\n\t\t\t\t\t\t<div class=\"elementor-element elementor-element-fa8a24f elementor-widget elementor-widget-text-editor\" data-id=\"fa8a24f\" data-element_type=\"widget\" data-e-type=\"widget\" data-widget_type=\"text-editor.default\">\n\t\t\t\t<div class=\"elementor-widget-container\">\n\t\t\t\t\t\t\t\t\t<h5><strong>Osnovni odbor Bu\u017eim<\/strong><\/h5><p>Sekretar: Hasan Zori\u0107<\/p><p>Adresa: Generala Izeta Nani\u0107a b.b.<\/p><p>Tel: 061 742\u00a0 544<\/p><p>E-mail: merhamet.usk@gmail.com\u00a0\u00a0<\/p><p>ID broj:<\/p><p>Transakcijski ra\u010dun:<\/p>\t\t\t\t\t\t\t\t<\/div>\n\t\t\t\t<\/div>\n\t\t\t\t\t<\/div>\n\t\t<\/div>\n\t\t\t\t\t<\/div>\n\t\t<\/section>\n\t\t\t\t<\/div>\n\t\t","protected":false},"excerpt":{"rendered":"<p>RO Biha\u0107 Direktor: Alen Pro\u0161i\u0107 Adresa: Mid\u017ei\u0107 mahala br.3 Tel\/fax: 037-311-728 E-mail: merhamet.usk@gmail.com ID broj: 4200584980455 Transakcijski ra\u010dun:199-045-000-2154-807 Osnovni odbor<\/p>\n","protected":false},"author":5,"featured_media":0,"parent":0,"menu_order":0,"comment_status":"closed","ping_status":"closed","template":"","meta":{"colormag_page_container_layout":"default_layout","colormag_page_sidebar_layout":"default_layout","nf_dc_page":"","footnotes":""},"class_list":["post-1255","page","type-page","status-publish","hentry"],"aioseo_notices":[],"_links":{"self":[{"href":"https:\/\/www.merhamet.ba\/old\/wp-json\/wp\/v2\/pages\/1255","targetHints":{"allow":["GET"]}}],"collection":[{"href":"https:\/\/www.merhamet.ba\/old\/wp-json\/wp\/v2\/pages"}],"about":[{"href":"https:\/\/www.merhamet.ba\/old\/wp-json\/wp\/v2\/types\/page"}],"author":[{"embeddable":true,"href":"https:\/\/www.merhamet.ba\/old\/wp-json\/wp\/v2\/users\/5"}],"replies":[{"embeddable":true,"href":"https:\/\/www.merhamet.ba\/old\/wp-json\/wp\/v2\/comments?post=1255"}],"version-history":[{"count":5,"href":"https:\/\/www.merhamet.ba\/old\/wp-json\/wp\/v2\/pages\/1255\/revisions"}],"predecessor-version":[{"id":8866,"href":"https:\/\/www.merhamet.ba\/old\/wp-json\/wp\/v2\/pages\/1255\/revisions\/8866"}],"wp:attachment":[{"href":"https:\/\/www.merhamet.ba\/old\/wp-json\/wp\/v2\/media?parent=1255"}],"curies":[{"name":"wp","href":"https:\/\/api.w.org\/{rel}","templated":true}]}}