{"id":1195,"date":"2019-03-11T21:39:47","date_gmt":"2019-03-11T21:39:47","guid":{"rendered":"https:\/\/test.prosys-bau.com\/test\/?page_id=1195"},"modified":"2019-03-11T21:39:47","modified_gmt":"2019-03-11T21:39:47","slug":"javne-kuhinje-2","status":"publish","type":"page","link":"https:\/\/www.merhamet.ba\/old\/javne-kuhinje-2\/","title":{"rendered":"Javne kuhinje"},"content":{"rendered":"<h4>&nbsp;<\/h4>\n<h4>VI\u0160E OD DVA MILIONA OBROKA GODI\u0160NJE<br \/>\nZA SOCIJALNO UGRO\u017dENE GRA\u0110ANE BiH<\/h4>\n<div id='gallery-1' class='gallery galleryid-1195 gallery-columns-3 gallery-size-medium'><figure class='gallery-item'>\n\t\t\t<div class='gallery-icon landscape'>\n\t\t\t\t<a href='https:\/\/www.merhamet.ba\/old\/wp-content\/uploads\/2019\/03\/Kuhinje-2.jpg'><img fetchpriority=\"high\" decoding=\"async\" width=\"545\" height=\"365\" src=\"https:\/\/www.merhamet.ba\/old\/wp-content\/uploads\/2019\/03\/Kuhinje-2-545x365.jpg\" class=\"attachment-medium size-medium\" alt=\"\" aria-describedby=\"gallery-1-1196\" srcset=\"https:\/\/www.merhamet.ba\/old\/wp-content\/uploads\/2019\/03\/Kuhinje-2-545x365.jpg 545w, https:\/\/www.merhamet.ba\/old\/wp-content\/uploads\/2019\/03\/Kuhinje-2-768x514.jpg 768w, https:\/\/www.merhamet.ba\/old\/wp-content\/uploads\/2019\/03\/Kuhinje-2-840x562.jpg 840w, https:\/\/www.merhamet.ba\/old\/wp-content\/uploads\/2019\/03\/Kuhinje-2-272x182.jpg 272w\" sizes=\"(max-width: 545px) 100vw, 545px\" \/><\/a>\n\t\t\t<\/div>\n\t\t\t\t<figcaption class='wp-caption-text gallery-caption' id='gallery-1-1196'>\n\t\t\t\tJAVNE KUHINJE\n\t\t\t\t<\/figcaption><\/figure><figure class='gallery-item'>\n\t\t\t<div class='gallery-icon landscape'>\n\t\t\t\t<a href='https:\/\/www.merhamet.ba\/old\/wp-content\/uploads\/2019\/03\/Kuhinje-3.jpg'><img decoding=\"async\" width=\"487\" height=\"365\" src=\"https:\/\/www.merhamet.ba\/old\/wp-content\/uploads\/2019\/03\/Kuhinje-3-487x365.jpg\" class=\"attachment-medium size-medium\" alt=\"\" srcset=\"https:\/\/www.merhamet.ba\/old\/wp-content\/uploads\/2019\/03\/Kuhinje-3-487x365.jpg 487w, https:\/\/www.merhamet.ba\/old\/wp-content\/uploads\/2019\/03\/Kuhinje-3-768x576.jpg 768w, https:\/\/www.merhamet.ba\/old\/wp-content\/uploads\/2019\/03\/Kuhinje-3-840x630.jpg 840w\" sizes=\"(max-width: 487px) 100vw, 487px\" \/><\/a>\n\t\t\t<\/div><\/figure><figure class='gallery-item'>\n\t\t\t<div class='gallery-icon landscape'>\n\t\t\t\t<a href='https:\/\/www.merhamet.ba\/old\/wp-content\/uploads\/2019\/03\/Kuhinje-6.jpg'><img decoding=\"async\" width=\"556\" height=\"365\" src=\"https:\/\/www.merhamet.ba\/old\/wp-content\/uploads\/2019\/03\/Kuhinje-6-556x365.jpg\" class=\"attachment-medium size-medium\" alt=\"\" srcset=\"https:\/\/www.merhamet.ba\/old\/wp-content\/uploads\/2019\/03\/Kuhinje-6-556x365.jpg 556w, https:\/\/www.merhamet.ba\/old\/wp-content\/uploads\/2019\/03\/Kuhinje-6-768x505.jpg 768w, https:\/\/www.merhamet.ba\/old\/wp-content\/uploads\/2019\/03\/Kuhinje-6-840x552.jpg 840w\" sizes=\"(max-width: 556px) 100vw, 556px\" \/><\/a>\n\t\t\t<\/div><\/figure>\n\t\t<\/div>\n\n<p>\u201eMerhamet\u201c posjeduje oko 20 javnih kuhinja \u0161irom Bosne i Hercegovine u kojima se<br \/>\nsvakodnevno hrani vi\u0161e od 8.000 osoba.<\/p>\n<p>Godi\u0161nje se pripremi i podijeli vi\u0161e od dva miliona obroka za socijalno ugro\u017eene kategorije stanovni\u0161tva, \u010dija je ukupna vrijednost ve\u0107a od 5 miliona KM.<\/p>\n<p>Samo u 2018. godini \u201eMerhamet\u201c je samo na pripremanje obroka u svojim narodnim kuhinjama i na podjeli prehrambeno-higijenskih paketa socijalno ugro\u017eenim porodicama ulo\u017eio vi\u0161e od 6,1 milion konvertibilnih maraka.<\/p>\n<p>Porodicama u stanju socijalne potrebe podijeljeno je vi\u0161e blizu 18.000 prehrambeno-higijenskih paketa, u vrijednosti od 675.926 konveribilnih maraka.<\/p>\n<p>Pored redovnih obroka, u \u201eMerhametovim\u201c kuhinjama se u toku mjeseca ramazana pripremi zna\u010dajna koli\u010dina iftara.<\/p>\n<p>Tokom cijele godine obrocima i hranom poma\u017eu se centri za odvikavanje od droge u Ilija\u0161u i Smolu\u0107i kod Tuzle, kao i ratni vojni invalidi, demobilisani borci, porodice \u0161ehida i poginulih boraca, te brojna udru\u017eenja.<\/p>\n","protected":false},"excerpt":{"rendered":"<p>&nbsp; VI\u0160E OD DVA MILIONA OBROKA GODI\u0160NJE ZA SOCIJALNO UGRO\u017dENE GRA\u0110ANE BiH \u201eMerhamet\u201c posjeduje oko 20 javnih kuhinja \u0161irom Bosne<\/p>\n","protected":false},"author":5,"featured_media":1197,"parent":0,"menu_order":0,"comment_status":"closed","ping_status":"closed","template":"","meta":{"colormag_page_container_layout":"default_layout","colormag_page_sidebar_layout":"default_layout","nf_dc_page":"","footnotes":""},"class_list":["post-1195","page","type-page","status-publish","has-post-thumbnail","hentry"],"aioseo_notices":[],"_links":{"self":[{"href":"https:\/\/www.merhamet.ba\/old\/wp-json\/wp\/v2\/pages\/1195","targetHints":{"allow":["GET"]}}],"collection":[{"href":"https:\/\/www.merhamet.ba\/old\/wp-json\/wp\/v2\/pages"}],"about":[{"href":"https:\/\/www.merhamet.ba\/old\/wp-json\/wp\/v2\/types\/page"}],"author":[{"embeddable":true,"href":"https:\/\/www.merhamet.ba\/old\/wp-json\/wp\/v2\/users\/5"}],"replies":[{"embeddable":true,"href":"https:\/\/www.merhamet.ba\/old\/wp-json\/wp\/v2\/comments?post=1195"}],"version-history":[{"count":1,"href":"https:\/\/www.merhamet.ba\/old\/wp-json\/wp\/v2\/pages\/1195\/revisions"}],"predecessor-version":[{"id":1200,"href":"https:\/\/www.merhamet.ba\/old\/wp-json\/wp\/v2\/pages\/1195\/revisions\/1200"}],"wp:featuredmedia":[{"embeddable":true,"href":"https:\/\/www.merhamet.ba\/old\/wp-json\/wp\/v2\/media\/1197"}],"wp:attachment":[{"href":"https:\/\/www.merhamet.ba\/old\/wp-json\/wp\/v2\/media?parent=1195"}],"curies":[{"name":"wp","href":"https:\/\/api.w.org\/{rel}","templated":true}]}}