{"id":1149,"date":"2019-03-11T21:11:22","date_gmt":"2019-03-11T21:11:22","guid":{"rendered":"https:\/\/test.prosys-bau.com\/test\/?page_id=1149"},"modified":"2019-03-11T21:12:23","modified_gmt":"2019-03-11T21:12:23","slug":"imanja-2","status":"publish","type":"page","link":"https:\/\/www.merhamet.ba\/old\/imanja-2\/","title":{"rendered":"Imanja"},"content":{"rendered":"<h4>BLIZU 600 TONA POVR\u0106A<br \/>\nSA VLASTITOG IMANJA<\/h4>\n<p>\u201eMerhamet\u201c od 2008. godine posjeduje poljoprivredno imanje u Zavidovi\u0107ima.<\/p>\n<p>\u010citavu deceniju uspje\u0161no se realizira projekat plasteni\u010dke proizvodnje.<\/p>\n<p>Na povr\u0161ini od 2.150 kvadratnih metara u proljetnoj sezoni ubire \u0161pinat i rani kupus, a u ljetnoj i jesenskoj sezoni \u017euta i crvena paprika i paradajz.<\/p>\n<p>Godi\u0161nje se na \u201cMerhametovom\u201d imanju u Zavidovi\u0107ima proizvede u prosjeku oko 70 tona povr\u0107a.<\/p>\n<div id='gallery-1' class='gallery galleryid-1149 gallery-columns-3 gallery-size-medium'><figure class='gallery-item'>\n\t\t\t<div class='gallery-icon landscape'>\n\t\t\t\t<a href='https:\/\/www.merhamet.ba\/old\/wp-content\/uploads\/2019\/03\/Imanje-3.jpg'><img fetchpriority=\"high\" decoding=\"async\" width=\"487\" height=\"365\" src=\"https:\/\/www.merhamet.ba\/old\/wp-content\/uploads\/2019\/03\/Imanje-3-487x365.jpg\" class=\"attachment-medium size-medium\" alt=\"\" srcset=\"https:\/\/www.merhamet.ba\/old\/wp-content\/uploads\/2019\/03\/Imanje-3-487x365.jpg 487w, https:\/\/www.merhamet.ba\/old\/wp-content\/uploads\/2019\/03\/Imanje-3-768x576.jpg 768w, https:\/\/www.merhamet.ba\/old\/wp-content\/uploads\/2019\/03\/Imanje-3-840x630.jpg 840w\" sizes=\"(max-width: 487px) 100vw, 487px\" \/><\/a>\n\t\t\t<\/div><\/figure><figure class='gallery-item'>\n\t\t\t<div class='gallery-icon landscape'>\n\t\t\t\t<a href='https:\/\/www.merhamet.ba\/old\/wp-content\/uploads\/2019\/03\/Imanje-4.jpg'><img decoding=\"async\" width=\"487\" height=\"365\" src=\"https:\/\/www.merhamet.ba\/old\/wp-content\/uploads\/2019\/03\/Imanje-4-487x365.jpg\" class=\"attachment-medium size-medium\" alt=\"\" srcset=\"https:\/\/www.merhamet.ba\/old\/wp-content\/uploads\/2019\/03\/Imanje-4-487x365.jpg 487w, https:\/\/www.merhamet.ba\/old\/wp-content\/uploads\/2019\/03\/Imanje-4-768x576.jpg 768w, https:\/\/www.merhamet.ba\/old\/wp-content\/uploads\/2019\/03\/Imanje-4-840x630.jpg 840w\" sizes=\"(max-width: 487px) 100vw, 487px\" \/><\/a>\n\t\t\t<\/div><\/figure><figure class='gallery-item'>\n\t\t\t<div class='gallery-icon landscape'>\n\t\t\t\t<a href='https:\/\/www.merhamet.ba\/old\/wp-content\/uploads\/2019\/03\/Imanje-5.jpg'><img decoding=\"async\" width=\"487\" height=\"365\" src=\"https:\/\/www.merhamet.ba\/old\/wp-content\/uploads\/2019\/03\/Imanje-5-487x365.jpg\" class=\"attachment-medium size-medium\" alt=\"\" aria-describedby=\"gallery-1-1154\" srcset=\"https:\/\/www.merhamet.ba\/old\/wp-content\/uploads\/2019\/03\/Imanje-5-487x365.jpg 487w, https:\/\/www.merhamet.ba\/old\/wp-content\/uploads\/2019\/03\/Imanje-5-768x576.jpg 768w, https:\/\/www.merhamet.ba\/old\/wp-content\/uploads\/2019\/03\/Imanje-5-840x630.jpg 840w\" sizes=\"(max-width: 487px) 100vw, 487px\" \/><\/a>\n\t\t\t<\/div>\n\t\t\t\t<figcaption class='wp-caption-text gallery-caption' id='gallery-1-1154'>\n\t\t\t\tVLASTITA PROIZVODNJA\n\t\t\t\t<\/figcaption><\/figure><figure class='gallery-item'>\n\t\t\t<div class='gallery-icon landscape'>\n\t\t\t\t<a href='https:\/\/www.merhamet.ba\/old\/wp-content\/uploads\/2019\/03\/Imanje-6.jpg'><img loading=\"lazy\" decoding=\"async\" width=\"487\" height=\"365\" src=\"https:\/\/www.merhamet.ba\/old\/wp-content\/uploads\/2019\/03\/Imanje-6-487x365.jpg\" class=\"attachment-medium size-medium\" alt=\"\" srcset=\"https:\/\/www.merhamet.ba\/old\/wp-content\/uploads\/2019\/03\/Imanje-6-487x365.jpg 487w, https:\/\/www.merhamet.ba\/old\/wp-content\/uploads\/2019\/03\/Imanje-6-768x576.jpg 768w, https:\/\/www.merhamet.ba\/old\/wp-content\/uploads\/2019\/03\/Imanje-6-840x630.jpg 840w\" sizes=\"(max-width: 487px) 100vw, 487px\" \/><\/a>\n\t\t\t<\/div><\/figure><figure class='gallery-item'>\n\t\t\t<div class='gallery-icon landscape'>\n\t\t\t\t<a href='https:\/\/www.merhamet.ba\/old\/wp-content\/uploads\/2019\/03\/Imanje-7.jpg'><img loading=\"lazy\" decoding=\"async\" width=\"487\" height=\"365\" src=\"https:\/\/www.merhamet.ba\/old\/wp-content\/uploads\/2019\/03\/Imanje-7-487x365.jpg\" class=\"attachment-medium size-medium\" alt=\"\" srcset=\"https:\/\/www.merhamet.ba\/old\/wp-content\/uploads\/2019\/03\/Imanje-7-487x365.jpg 487w, https:\/\/www.merhamet.ba\/old\/wp-content\/uploads\/2019\/03\/Imanje-7-768x576.jpg 768w, https:\/\/www.merhamet.ba\/old\/wp-content\/uploads\/2019\/03\/Imanje-7-840x630.jpg 840w\" sizes=\"(max-width: 487px) 100vw, 487px\" \/><\/a>\n\t\t\t<\/div><\/figure><figure class='gallery-item'>\n\t\t\t<div class='gallery-icon landscape'>\n\t\t\t\t<a href='https:\/\/www.merhamet.ba\/old\/wp-content\/uploads\/2019\/03\/Imanje-9.jpg'><img loading=\"lazy\" decoding=\"async\" width=\"487\" height=\"365\" src=\"https:\/\/www.merhamet.ba\/old\/wp-content\/uploads\/2019\/03\/Imanje-9-487x365.jpg\" class=\"attachment-medium size-medium\" alt=\"\" srcset=\"https:\/\/www.merhamet.ba\/old\/wp-content\/uploads\/2019\/03\/Imanje-9-487x365.jpg 487w, https:\/\/www.merhamet.ba\/old\/wp-content\/uploads\/2019\/03\/Imanje-9-768x576.jpg 768w, https:\/\/www.merhamet.ba\/old\/wp-content\/uploads\/2019\/03\/Imanje-9-840x630.jpg 840w\" sizes=\"(max-width: 487px) 100vw, 487px\" \/><\/a>\n\t\t\t<\/div><\/figure>\n\t\t<\/div>\n\n<p>Do sada je ukupno proizvedeno blizu 700 tona povr\u0107a koje je podijeljeno \u201cMerhametovim\u201d kuhinjama \u0161irom BiH.<\/p>\n<p>\u201eMerhametovi\u201c uposlenici na imanju proizvode i odre\u0111ene koli\u010dine \u0111uve\u010da, ajvara i sosa za potrebe javnih kuhinja.<\/p>\n<p>Projekat se realizira u saradnji s Federalnim zavodom za poljoprivredu gdje se obavlja<br \/>\nstalna kontrola proizvoda.<\/p>\n<p>\u201eMerhamet\u201c posjeduje i vo\u0107njak u Visokom, koji je tako\u0111e u funkciji javnih kuhinja.<\/p>\n<div id='gallery-2' class='gallery galleryid-1149 gallery-columns-3 gallery-size-medium'><figure class='gallery-item'>\n\t\t\t<div class='gallery-icon landscape'>\n\t\t\t\t<a href='https:\/\/www.merhamet.ba\/old\/wp-content\/uploads\/2019\/03\/Imanje-11.jpg'><img loading=\"lazy\" decoding=\"async\" width=\"487\" height=\"365\" src=\"https:\/\/www.merhamet.ba\/old\/wp-content\/uploads\/2019\/03\/Imanje-11-487x365.jpg\" class=\"attachment-medium size-medium\" alt=\"\" srcset=\"https:\/\/www.merhamet.ba\/old\/wp-content\/uploads\/2019\/03\/Imanje-11-487x365.jpg 487w, https:\/\/www.merhamet.ba\/old\/wp-content\/uploads\/2019\/03\/Imanje-11-768x576.jpg 768w, https:\/\/www.merhamet.ba\/old\/wp-content\/uploads\/2019\/03\/Imanje-11-840x630.jpg 840w\" sizes=\"(max-width: 487px) 100vw, 487px\" \/><\/a>\n\t\t\t<\/div><\/figure><figure class='gallery-item'>\n\t\t\t<div class='gallery-icon landscape'>\n\t\t\t\t<a href='https:\/\/www.merhamet.ba\/old\/wp-content\/uploads\/2019\/03\/Imanje-10.jpg'><img loading=\"lazy\" decoding=\"async\" width=\"487\" height=\"365\" src=\"https:\/\/www.merhamet.ba\/old\/wp-content\/uploads\/2019\/03\/Imanje-10-487x365.jpg\" class=\"attachment-medium size-medium\" alt=\"\" srcset=\"https:\/\/www.merhamet.ba\/old\/wp-content\/uploads\/2019\/03\/Imanje-10-487x365.jpg 487w, https:\/\/www.merhamet.ba\/old\/wp-content\/uploads\/2019\/03\/Imanje-10-768x576.jpg 768w, https:\/\/www.merhamet.ba\/old\/wp-content\/uploads\/2019\/03\/Imanje-10-840x630.jpg 840w\" sizes=\"(max-width: 487px) 100vw, 487px\" \/><\/a>\n\t\t\t<\/div><\/figure><figure class='gallery-item'>\n\t\t\t<div class='gallery-icon landscape'>\n\t\t\t\t<a href='https:\/\/www.merhamet.ba\/old\/wp-content\/uploads\/2019\/03\/Imanje-2.jpg'><img loading=\"lazy\" decoding=\"async\" width=\"487\" height=\"365\" src=\"https:\/\/www.merhamet.ba\/old\/wp-content\/uploads\/2019\/03\/Imanje-2-487x365.jpg\" class=\"attachment-medium size-medium\" alt=\"\" srcset=\"https:\/\/www.merhamet.ba\/old\/wp-content\/uploads\/2019\/03\/Imanje-2-487x365.jpg 487w, https:\/\/www.merhamet.ba\/old\/wp-content\/uploads\/2019\/03\/Imanje-2-768x576.jpg 768w, https:\/\/www.merhamet.ba\/old\/wp-content\/uploads\/2019\/03\/Imanje-2-840x630.jpg 840w\" sizes=\"(max-width: 487px) 100vw, 487px\" \/><\/a>\n\t\t\t<\/div><\/figure>\n\t\t<\/div>\n\n<p>&nbsp;<\/p>\n","protected":false},"excerpt":{"rendered":"<p>BLIZU 600 TONA POVR\u0106A SA VLASTITOG IMANJA \u201eMerhamet\u201c od 2008. godine posjeduje poljoprivredno imanje u Zavidovi\u0107ima. \u010citavu deceniju uspje\u0161no se<\/p>\n","protected":false},"author":5,"featured_media":1150,"parent":0,"menu_order":0,"comment_status":"closed","ping_status":"closed","template":"","meta":{"colormag_page_container_layout":"default_layout","colormag_page_sidebar_layout":"default_layout","nf_dc_page":"","footnotes":""},"class_list":["post-1149","page","type-page","status-publish","has-post-thumbnail","hentry"],"aioseo_notices":[],"_links":{"self":[{"href":"https:\/\/www.merhamet.ba\/old\/wp-json\/wp\/v2\/pages\/1149","targetHints":{"allow":["GET"]}}],"collection":[{"href":"https:\/\/www.merhamet.ba\/old\/wp-json\/wp\/v2\/pages"}],"about":[{"href":"https:\/\/www.merhamet.ba\/old\/wp-json\/wp\/v2\/types\/page"}],"author":[{"embeddable":true,"href":"https:\/\/www.merhamet.ba\/old\/wp-json\/wp\/v2\/users\/5"}],"replies":[{"embeddable":true,"href":"https:\/\/www.merhamet.ba\/old\/wp-json\/wp\/v2\/comments?post=1149"}],"version-history":[{"count":1,"href":"https:\/\/www.merhamet.ba\/old\/wp-json\/wp\/v2\/pages\/1149\/revisions"}],"predecessor-version":[{"id":1161,"href":"https:\/\/www.merhamet.ba\/old\/wp-json\/wp\/v2\/pages\/1149\/revisions\/1161"}],"wp:featuredmedia":[{"embeddable":true,"href":"https:\/\/www.merhamet.ba\/old\/wp-json\/wp\/v2\/media\/1150"}],"wp:attachment":[{"href":"https:\/\/www.merhamet.ba\/old\/wp-json\/wp\/v2\/media?parent=1149"}],"curies":[{"name":"wp","href":"https:\/\/api.w.org\/{rel}","templated":true}]}}