{"id":1132,"date":"2019-03-11T20:59:17","date_gmt":"2019-03-11T20:59:17","guid":{"rendered":"https:\/\/test.prosys-bau.com\/test\/?page_id=1132"},"modified":"2019-03-11T21:02:43","modified_gmt":"2019-03-11T21:02:43","slug":"medunarodne-aktivnosti-2","status":"publish","type":"page","link":"https:\/\/www.merhamet.ba\/old\/medunarodne-aktivnosti-2\/","title":{"rendered":"Me\u0111unarodne aktivnosti"},"content":{"rendered":"<h4>Me\u0111unarodne humanitarne akcije \u0161irom svijeta<\/h4>\n<h4>DOBRO\u010cINSTVO \u201eMERHAMETA\u201c ODAVNO JE PRE\u0160LO GRANICE BiH<\/h4>\n<p>&nbsp;<\/p>\n<p>Misija dobro\u010dinstva Muslimanskog dobrotvornog dru\u0161tva \u201eMerhamet\u201c poodavno je pre\u0161la granice Bosne i Hercegovine. \u201eMerhamet\u201c je svojim akcijama \u0161irom na\u0161e planete stekao me\u0111unarodni ugled i etablirao se kao prepoznatljiva humanitarna organizacija na mapi svjetskih organizacija \u010diji je cilj pomo\u0107i ljudima u nevolji, bez obzira na kojem se dijelu planete nalaze i bez obzira kojoj vjeri ili naciji pripadaju.<br \/>\nPotpora takvoj tvrdnji su brojne humanitarne akcije koje je \u201eMerhamet\u201c organizirao kako bi pomogao stanovni\u0161tvu u brojnim dr\u017eavama na nekoliko kontinenata, stanovni\u0161tvu ugro\u017eenim elementarnim nepogodama, zemljotresima, su\u0161ama, ali i ratovima. Time je \u201eMerhamet\u201c, zajedno sa gra\u0111anima Bosne i Hercegovine, bez kojih mnoge akcije ne bi bilo mogu\u0107e realizirati, iskazao svojevrsnu zahvalnost za ono \u0161to su stanovnici drugih zemalja i njihove vlade u\u010dinile za gra\u0111ane Bosne i Hercegovine, pogotovo u vrijeme kada je na\u0161em narodu prijetio biolo\u0161ki opstanak. Time je potvr\u0111eno da Bosna i Hercegovina i Bosanci i Hercegovci ne zaboravljaju dobra djela, ve\u0107 da, i pored nezahvalne ekonomske i socijalne situacije, na njih poku\u0161avaju uzvratiti isto tako dobrim djelima, svojom solidarno\u0161\u0107u i milosr\u0111em. Me\u0111u brojnim me\u0111unarodnim akcijama \u201eMerhameta\u201c, za ovu priliku izdvajamo one najzna\u010dajnije, \u010diji su rezultati vidljivi i koji \u0107e zauvijek svjedo\u010diti o dobro\u010dinstvu \u201eMerhameta\u201c i solidarnosti gra\u0111ana Bosne i Hercegovine.<\/p>\n<p>&nbsp;<\/p>\n<p><strong>PROBIJENA BLOKADA GAZE I URU\u010cENO PET SANITETSKIH VOZILA<\/strong><\/p>\n<div id='gallery-1' class='gallery galleryid-1132 gallery-columns-2 gallery-size-medium'><figure class='gallery-item'>\n\t\t\t<div class='gallery-icon landscape'>\n\t\t\t\t<a href='https:\/\/www.merhamet.ba\/old\/wp-content\/uploads\/2019\/03\/Gaza-slika-1.jpg'><img fetchpriority=\"high\" decoding=\"async\" width=\"487\" height=\"365\" src=\"https:\/\/www.merhamet.ba\/old\/wp-content\/uploads\/2019\/03\/Gaza-slika-1-487x365.jpg\" class=\"attachment-medium size-medium\" alt=\"\" srcset=\"https:\/\/www.merhamet.ba\/old\/wp-content\/uploads\/2019\/03\/Gaza-slika-1-487x365.jpg 487w, https:\/\/www.merhamet.ba\/old\/wp-content\/uploads\/2019\/03\/Gaza-slika-1-768x576.jpg 768w, https:\/\/www.merhamet.ba\/old\/wp-content\/uploads\/2019\/03\/Gaza-slika-1-840x630.jpg 840w\" sizes=\"(max-width: 487px) 100vw, 487px\" \/><\/a>\n\t\t\t<\/div><\/figure><figure class='gallery-item'>\n\t\t\t<div class='gallery-icon landscape'>\n\t\t\t\t<a href='https:\/\/www.merhamet.ba\/old\/wp-content\/uploads\/2019\/03\/Gaza-slika-2.jpg'><img decoding=\"async\" width=\"487\" height=\"365\" src=\"https:\/\/www.merhamet.ba\/old\/wp-content\/uploads\/2019\/03\/Gaza-slika-2-487x365.jpg\" class=\"attachment-medium size-medium\" alt=\"\" srcset=\"https:\/\/www.merhamet.ba\/old\/wp-content\/uploads\/2019\/03\/Gaza-slika-2-487x365.jpg 487w, https:\/\/www.merhamet.ba\/old\/wp-content\/uploads\/2019\/03\/Gaza-slika-2-768x576.jpg 768w, https:\/\/www.merhamet.ba\/old\/wp-content\/uploads\/2019\/03\/Gaza-slika-2-840x630.jpg 840w\" sizes=\"(max-width: 487px) 100vw, 487px\" \/><\/a>\n\t\t\t<\/div><\/figure>\n\t\t<\/div>\n\n<p>Pet novih najmodernije opremljenih sanitetskih vozila donacija je koju su narodu Palestine uru\u010dili predstavnici \u201eMerhameta\u201c Rije\u010d je o vozilima, \u010dija je vrijednost oko 300.000 konvertibilnih maraka, a koja su kupljena zahvaljuju\u0107i sredstvima gra\u0111ana Bosne i Hercegovine u velikoj akciji pod nazivom \u201ePomozimo narodu Gaze\u201c.<br \/>\nDelegacija \u201eMerhameta\u201c je, nakon vi\u0161ednevnog i veoma rizi\u010dnog putovanja, u\u0161la u Gazu u uru\u010dila sanitetska vozila. Tako je \u201eMerhamet\u201c bio jedna od prvih humanitarnih organizacija koja je probila blokadu Gaze, \u0161to je jedan od najve\u0107ih poduhvata ove organizacije. U to vrijeme, podsjetimo, izraelske vojne snage ubile su turske humanitarce koji su poku\u0161ali dovu\u0107i pomo\u0107 narodu Palestine, \u0161to je izazvalo ogor\u010denje u svijetu i te\u0161ke osude na ra\u010dun Izraela.<br \/>\nPredstavnici \u201eMerhameta\u201d su tom prilikom iskoristili priliku da organiziraju i zajedni\u010dki iftar u jednoj bolnici za 40 \u010dlanova osoblja, za bolesnike i socijalno-ugro\u017eene osobe u Gazi.<\/p>\n<p>&nbsp;<\/p>\n<p><strong>IZGRA\u0110ENA \u0160KOLA U IRANSKOM GRADU BAM<\/strong><\/p>\n<p><a href=\"https:\/\/test.prosys-bau.com\/test\/wp-content\/uploads\/2019\/03\/Skola-u-Iranu.jpg\"><img loading=\"lazy\" decoding=\"async\" loading=\"lazy\" class=\"alignleft wp-image-1136 size-medium\" src=\"https:\/\/test.prosys-bau.com\/test\/wp-content\/uploads\/2019\/03\/Skola-u-Iranu-488x365.jpg\" alt=\"\" width=\"488\" height=\"365\" srcset=\"https:\/\/www.merhamet.ba\/old\/wp-content\/uploads\/2019\/03\/Skola-u-Iranu-488x365.jpg 488w, https:\/\/www.merhamet.ba\/old\/wp-content\/uploads\/2019\/03\/Skola-u-Iranu-768x575.jpg 768w, https:\/\/www.merhamet.ba\/old\/wp-content\/uploads\/2019\/03\/Skola-u-Iranu-840x629.jpg 840w\" sizes=\"auto, (max-width: 488px) 100vw, 488px\" \/><\/a><\/p>\n<p>Srednja mje\u0161ovita \u0161kola u iranskom gradu Bam sagra\u0111ena je donacijama iz Bosne i Hercegovine, nakon razornog zemljotresa koji je pogodio tu zemlju. Ova obrazovna institucija nosi ime \u201e\u0160kola \u0161ehida Bosne i Hercegovine\u201c, a njenih oko 400 u\u010denika u dvije smjene svakoga dana, pred po\u010detak i zavr\u0161etak nastave, prou\u010de Fatihu \u0161ehidima koji su dali svoje \u017eivote za Bosnu i Hercegovinu tokom agresije na na\u0161u zemlju.<br \/>\nIzgradnja i opremanje \u0161kole u Bamu ko\u0161tala je oko milion konvertibilnih maraka, a izgra\u0111ena je sredstvima koja su zajedno prikupili \u201eMerhamet\u201c, Rijaset Islamske zajednice u Bosni i Hercegovini i dr\u017eavni organi i institucije Bosne i Hercegovine.<br \/>\nGra\u0111ani na\u0161e zemlje su posredstvom \u201eMerhameta\u201c donirali vi\u0161e od 300.000 maraka za igradnju ove \u0161kole i taj za gest su vlasti Irana izrazili veliku zahvalnost.<br \/>\nZahvaljuju\u0107i ovoj akciji, u\u010denici u Bamu su, nakon dvije godine, \u0161atorske u\u010dionice zamijenili velikim i moderno opremljenim objektom.<\/p>\n<p>&nbsp;<\/p>\n<p><strong>NOVA ZGRADA SREDNJE \u0160KOLE U PAKISTANU<\/strong><\/p>\n<p><a href=\"https:\/\/test.prosys-bau.com\/test\/wp-content\/uploads\/2019\/03\/Skola-u-pakistanu.jpg-e1552337641693.jpg\"><img loading=\"lazy\" decoding=\"async\" loading=\"lazy\" class=\"alignleft size-medium wp-image-1137\" src=\"https:\/\/test.prosys-bau.com\/test\/wp-content\/uploads\/2019\/03\/Skola-u-pakistanu.jpg-487x365.jpg\" alt=\"\" width=\"487\" height=\"365\"><\/a>Zahvaljuju\u0107i velikoj akciji pod sloganom \u201ePomozimo djeci Ka\u0161mira\u201c, koju je sredinom aprila 2006. godine pokrenuo \u201cMerhamet\u201d nakon razornog zemljotresa u oblasti Ka\u0161mir u Pakistanu, sagra\u0111ena je Srednja \u0161kola za djevojke u pakistanskog gradu Chatter Class, u regiji Muzaferabad. \u0160kola je pakistanskim vlastima predana na upotrebu na Dan dr\u017eavnosti Bosne i Hercegovine i nosi ime prvog predsjednika Republike Bosne i Hercegovine, rahmetli Alije Izetbegovi\u0107a.<br \/>\nIzgradnja \u0161kole u Muzaferabadu, kako je tada re\u010deno, bio je moralna i ljudska obaveza naroda BiH zbog onoga \u0161to su Vlada i narod Pakistana u\u010dinili za gra\u0111ane BiH tokom agresije na na\u0161u zemlju.<br \/>\nSredstva za izgradnju \u0161kole, \u010dija je vrijednost oko 500.000 maraka, prikupljena su dobrovoljnim prilozima gra\u0111ana Bosne i Hercegovine, privatnih poduzetnika i donatora \u201cMerhameta\u201d. \u0160kolu je gradila bosanskohercegova\u010dko gra\u0111evinsko preduze\u0107e \u201cGP Put\u201d, a opremljena je namje\u0161tajem kompanije \u201cKonjuh\u201d iz \u017divinica.<br \/>\nMaksimalan doprinos ovoj akciji dao je i tada\u0161nji ambasador BiH u Pakistanu Damir D\u017eanko. Ambasador D\u017eanko i predstavnici vlade Pakistana su svojevremeno otkrili dvije spomen-plo\u010de u pomen na po\u010detak radova na humanitarnim projektima pokrenutim u BiH. Jedna je plo\u010da bila za izgradnju ambulante, za koju su sredstva osigurana na Donatorskoj ve\u010deri za pomo\u0107 narodu Pakistana, koju su organizirali Javna ustanova Univerzitetski klini\u010dki centar Tuzla i Ljekarska komora Tuzlanskog kantona, a dijelom i Vlada Kantona Sarajevo.<br \/>\nGradnju Vi\u0161e \u0161kole za djevojke omogu\u0107ila je akcija Muslimanskog dobrotvornog dru\u0161tva \u201cMerhamet\u201d. Aktivisti \u201cMerhameta\u201d su u osnovnim i srednjim \u0161kolama u BiH, te u privrednim dru\u0161tvima i institucijama prodali vi\u0161e od 150.000 donatorskih markica po pojedina\u010dnoj cijeni od jedne konvertibilne marke.<br \/>\nTokom posjete Tuzli, krajem aprila 2007. godine, predsjednik Islamske Republike Pakistan Pervez Mu\u0161araf (Musharraf) je uru\u010dio odlikovanje \u201eMerhametu\u201d, u znak zahvalnosti za pomo\u0107 pru\u017eenu narodu Pakistana nakon razornog zemljotresa koji je tu zemlju pogodio u oktobru 2005. godine.<\/p>\n<p>&nbsp;<\/p>\n<p><strong>\u201cMERHAMET\u201d U SOMALIJI<\/strong><\/p>\n<div id='gallery-2' class='gallery galleryid-1132 gallery-columns-3 gallery-size-medium'><figure class='gallery-item'>\n\t\t\t<div class='gallery-icon landscape'>\n\t\t\t\t<a href='https:\/\/www.merhamet.ba\/old\/wp-content\/uploads\/2019\/03\/Somalija-slika-1.jpg'><img decoding=\"async\" width=\"548\" height=\"365\" src=\"https:\/\/www.merhamet.ba\/old\/wp-content\/uploads\/2019\/03\/Somalija-slika-1-548x365.jpg\" class=\"attachment-medium size-medium\" alt=\"\" srcset=\"https:\/\/www.merhamet.ba\/old\/wp-content\/uploads\/2019\/03\/Somalija-slika-1-548x365.jpg 548w, https:\/\/www.merhamet.ba\/old\/wp-content\/uploads\/2019\/03\/Somalija-slika-1-768x512.jpg 768w, https:\/\/www.merhamet.ba\/old\/wp-content\/uploads\/2019\/03\/Somalija-slika-1-840x560.jpg 840w, https:\/\/www.merhamet.ba\/old\/wp-content\/uploads\/2019\/03\/Somalija-slika-1-272x182.jpg 272w\" sizes=\"(max-width: 548px) 100vw, 548px\" \/><\/a>\n\t\t\t<\/div><\/figure><figure class='gallery-item'>\n\t\t\t<div class='gallery-icon landscape'>\n\t\t\t\t<a href='https:\/\/www.merhamet.ba\/old\/wp-content\/uploads\/2019\/03\/Somalija-slika-2.jpg'><img loading=\"lazy\" decoding=\"async\" width=\"548\" height=\"365\" src=\"https:\/\/www.merhamet.ba\/old\/wp-content\/uploads\/2019\/03\/Somalija-slika-2-548x365.jpg\" class=\"attachment-medium size-medium\" alt=\"\" aria-describedby=\"gallery-2-1139\" srcset=\"https:\/\/www.merhamet.ba\/old\/wp-content\/uploads\/2019\/03\/Somalija-slika-2-548x365.jpg 548w, https:\/\/www.merhamet.ba\/old\/wp-content\/uploads\/2019\/03\/Somalija-slika-2-768x512.jpg 768w, https:\/\/www.merhamet.ba\/old\/wp-content\/uploads\/2019\/03\/Somalija-slika-2-840x560.jpg 840w, https:\/\/www.merhamet.ba\/old\/wp-content\/uploads\/2019\/03\/Somalija-slika-2-272x182.jpg 272w\" sizes=\"(max-width: 548px) 100vw, 548px\" \/><\/a>\n\t\t\t<\/div>\n\t\t\t\t<figcaption class='wp-caption-text gallery-caption' id='gallery-2-1139'>\n\t\t\t\tME\u0110UNARODNE AKTIVNOSTI\n\t\t\t\t<\/figcaption><\/figure><figure class='gallery-item'>\n\t\t\t<div class='gallery-icon landscape'>\n\t\t\t\t<a href='https:\/\/www.merhamet.ba\/old\/wp-content\/uploads\/2019\/03\/Somalija-slika-3.jpg'><img loading=\"lazy\" decoding=\"async\" width=\"548\" height=\"365\" src=\"https:\/\/www.merhamet.ba\/old\/wp-content\/uploads\/2019\/03\/Somalija-slika-3-548x365.jpg\" class=\"attachment-medium size-medium\" alt=\"\" srcset=\"https:\/\/www.merhamet.ba\/old\/wp-content\/uploads\/2019\/03\/Somalija-slika-3-548x365.jpg 548w, https:\/\/www.merhamet.ba\/old\/wp-content\/uploads\/2019\/03\/Somalija-slika-3-768x512.jpg 768w, https:\/\/www.merhamet.ba\/old\/wp-content\/uploads\/2019\/03\/Somalija-slika-3-840x560.jpg 840w, https:\/\/www.merhamet.ba\/old\/wp-content\/uploads\/2019\/03\/Somalija-slika-3-272x182.jpg 272w\" sizes=\"(max-width: 548px) 100vw, 548px\" \/><\/a>\n\t\t\t<\/div><\/figure>\n\t\t<\/div>\n\n<p>Krajem aprila 2012. godine uspje\u0161no je okon\u010dana jedna od najve\u0107ih humanitarnih akcija Muslimanskog dobrotvornog dru\u0161tva \u201cMerhamet\u201d nakon \u0161to je generalni sekretar \u201cMerhameta\u201d Sidik A\u017edahi\u0107 u Mogadi\u0161u uru\u010dio donaciju u hrani i lijekovima, vrijednu vi\u0161e od 500.000 konvertibilnih maraka.<br \/>\nTa donacina prikupljena je tokom \u201eMerhametove\u201d akcije \u201ePomo\u0107 narodu Somalije. Time su gra\u0111ani Bosne i Hercegovine, koji su i sami pre\u017eivjeli glad i agresiju, jo\u0161 jednom pokazali svoju solidarnost i milosr\u0111e prema onima kojima je pomo\u0107 potrebna.<br \/>\nNakon svih dramati\u010dnih de\u0161avanja u Somaliji i obrta u pripremama za odlazak u tu zemlju, \u201eMerhamet\u201c je uspio da realizira ovu te\u0161ku i slo\u017eenu akciju. Bilo je trenutaka kada se razmi\u0161ljalo o odustajanju od upu\u0107ivanja predstavnika \u201eMerhameta\u201c u Somaliju iz sigurnosnih razloga. Postojala je mogu\u0107nost da \u201eMerhamet\u201d pomo\u0107 dostavi posredstvom predstavnika Ujedinjenih naroda. Me\u0111utim, i pored svih opasnosti, istrajalo se na principu \u201eMerhameta\u201d da se, kao mnogo puta do sada, pomo\u0107 uru\u010di na licu mjesta.<br \/>\n\u201eMerhamet\u201d danas ne skriva ponos i zadovoljstvo \u0161to je jedna od rijetkih humanitarnih organizacija u svijetu koja je uspjela u\u0107i u Somaliju i na licu mjesta uru\u010diti pomo\u0107 i uvjeriti se u kakvim nehumanim uslovima \u017eive ljudi u 21. stolje\u0107u.<br \/>\nU saradnji sa \u201eMerhametom\u201d Australije, HO \u201eMerhamet\u201d MDD donirao je 45.000 kilograma kurbanskog mesa gladnom narodu Somalije, koje je Organizacija islamska konferencije (OIC) Somalia raspodijelila, u skladu sa zahtjevima i sigurnosnim uslovima.<br \/>\nDirektor OIC Somalia Dr. Ahmad Muhammad Adam zahvalio se na pomo\u0107i koju je predstavnik \u201eMerhameta\u201d Sidik A\u017edahi\u0107 li\u010dno uru\u010dio za somalijski narod. On je izjavio kako ovu pomo\u0107 smatra mnogostruko vrijednijom, imaju\u0107i u vidu \u010dinjenicu kroz \u0161ta su pro\u0161li Bosna i Hercegovina i njeni gra\u0111ani i kakva je ekonomska situacija u na\u0161oj zemlji.<\/p>\n<p>&nbsp;<\/p>\n<p><strong>POMO\u0106 NARODU TURSKE NAKON ZEMLJOTRESA<\/strong><\/p>\n<div id='gallery-3' class='gallery galleryid-1132 gallery-columns-3 gallery-size-medium'><figure class='gallery-item'>\n\t\t\t<div class='gallery-icon landscape'>\n\t\t\t\t<a href='https:\/\/www.merhamet.ba\/old\/wp-content\/uploads\/2019\/03\/Turska-Sirija-slika-1.jpg'><img loading=\"lazy\" decoding=\"async\" width=\"487\" height=\"365\" src=\"https:\/\/www.merhamet.ba\/old\/wp-content\/uploads\/2019\/03\/Turska-Sirija-slika-1-487x365.jpg\" class=\"attachment-medium size-medium\" alt=\"\" srcset=\"https:\/\/www.merhamet.ba\/old\/wp-content\/uploads\/2019\/03\/Turska-Sirija-slika-1-487x365.jpg 487w, https:\/\/www.merhamet.ba\/old\/wp-content\/uploads\/2019\/03\/Turska-Sirija-slika-1-768x576.jpg 768w, https:\/\/www.merhamet.ba\/old\/wp-content\/uploads\/2019\/03\/Turska-Sirija-slika-1-840x630.jpg 840w\" sizes=\"(max-width: 487px) 100vw, 487px\" \/><\/a>\n\t\t\t<\/div><\/figure><figure class='gallery-item'>\n\t\t\t<div class='gallery-icon landscape'>\n\t\t\t\t<a href='https:\/\/www.merhamet.ba\/old\/wp-content\/uploads\/2019\/03\/Turska-Sirija-slika-2.jpg'><img loading=\"lazy\" decoding=\"async\" width=\"487\" height=\"365\" src=\"https:\/\/www.merhamet.ba\/old\/wp-content\/uploads\/2019\/03\/Turska-Sirija-slika-2-487x365.jpg\" class=\"attachment-medium size-medium\" alt=\"\" srcset=\"https:\/\/www.merhamet.ba\/old\/wp-content\/uploads\/2019\/03\/Turska-Sirija-slika-2-487x365.jpg 487w, https:\/\/www.merhamet.ba\/old\/wp-content\/uploads\/2019\/03\/Turska-Sirija-slika-2-768x576.jpg 768w, https:\/\/www.merhamet.ba\/old\/wp-content\/uploads\/2019\/03\/Turska-Sirija-slika-2-840x630.jpg 840w, https:\/\/www.merhamet.ba\/old\/wp-content\/uploads\/2019\/03\/Turska-Sirija-slika-2.jpg 1600w\" sizes=\"(max-width: 487px) 100vw, 487px\" \/><\/a>\n\t\t\t<\/div><\/figure><figure class='gallery-item'>\n\t\t\t<div class='gallery-icon landscape'>\n\t\t\t\t<a href='https:\/\/www.merhamet.ba\/old\/wp-content\/uploads\/2019\/03\/Turska-Sirija-slika-3.jpg'><img loading=\"lazy\" decoding=\"async\" width=\"487\" height=\"365\" src=\"https:\/\/www.merhamet.ba\/old\/wp-content\/uploads\/2019\/03\/Turska-Sirija-slika-3-487x365.jpg\" class=\"attachment-medium size-medium\" alt=\"\" srcset=\"https:\/\/www.merhamet.ba\/old\/wp-content\/uploads\/2019\/03\/Turska-Sirija-slika-3-487x365.jpg 487w, https:\/\/www.merhamet.ba\/old\/wp-content\/uploads\/2019\/03\/Turska-Sirija-slika-3-768x576.jpg 768w, https:\/\/www.merhamet.ba\/old\/wp-content\/uploads\/2019\/03\/Turska-Sirija-slika-3-840x630.jpg 840w\" sizes=\"(max-width: 487px) 100vw, 487px\" \/><\/a>\n\t\t\t<\/div><\/figure><figure class='gallery-item'>\n\t\t\t<div class='gallery-icon landscape'>\n\t\t\t\t<a href='https:\/\/www.merhamet.ba\/old\/wp-content\/uploads\/2019\/03\/Turska-Sirija-slika-4.jpg'><img loading=\"lazy\" decoding=\"async\" width=\"649\" height=\"365\" src=\"https:\/\/www.merhamet.ba\/old\/wp-content\/uploads\/2019\/03\/Turska-Sirija-slika-4-649x365.jpg\" class=\"attachment-medium size-medium\" alt=\"\" srcset=\"https:\/\/www.merhamet.ba\/old\/wp-content\/uploads\/2019\/03\/Turska-Sirija-slika-4-649x365.jpg 649w, https:\/\/www.merhamet.ba\/old\/wp-content\/uploads\/2019\/03\/Turska-Sirija-slika-4-500x280.jpg 500w, https:\/\/www.merhamet.ba\/old\/wp-content\/uploads\/2019\/03\/Turska-Sirija-slika-4-768x432.jpg 768w, https:\/\/www.merhamet.ba\/old\/wp-content\/uploads\/2019\/03\/Turska-Sirija-slika-4-840x473.jpg 840w, https:\/\/www.merhamet.ba\/old\/wp-content\/uploads\/2019\/03\/Turska-Sirija-slika-4.jpg 1280w\" sizes=\"(max-width: 649px) 100vw, 649px\" \/><\/a>\n\t\t\t<\/div><\/figure><figure class='gallery-item'>\n\t\t\t<div class='gallery-icon landscape'>\n\t\t\t\t<a href='https:\/\/www.merhamet.ba\/old\/wp-content\/uploads\/2019\/03\/Turska-Sirija-slika-5.jpg'><img loading=\"lazy\" decoding=\"async\" width=\"487\" height=\"365\" src=\"https:\/\/www.merhamet.ba\/old\/wp-content\/uploads\/2019\/03\/Turska-Sirija-slika-5-487x365.jpg\" class=\"attachment-medium size-medium\" alt=\"\" srcset=\"https:\/\/www.merhamet.ba\/old\/wp-content\/uploads\/2019\/03\/Turska-Sirija-slika-5-487x365.jpg 487w, https:\/\/www.merhamet.ba\/old\/wp-content\/uploads\/2019\/03\/Turska-Sirija-slika-5-768x576.jpg 768w, https:\/\/www.merhamet.ba\/old\/wp-content\/uploads\/2019\/03\/Turska-Sirija-slika-5-840x630.jpg 840w, https:\/\/www.merhamet.ba\/old\/wp-content\/uploads\/2019\/03\/Turska-Sirija-slika-5.jpg 1280w\" sizes=\"(max-width: 487px) 100vw, 487px\" \/><\/a>\n\t\t\t<\/div><\/figure><figure class='gallery-item'>\n\t\t\t<div class='gallery-icon landscape'>\n\t\t\t\t<a href='https:\/\/www.merhamet.ba\/old\/wp-content\/uploads\/2019\/03\/Turska-Sirija-slika-6.jpg'><img loading=\"lazy\" decoding=\"async\" width=\"649\" height=\"365\" src=\"https:\/\/www.merhamet.ba\/old\/wp-content\/uploads\/2019\/03\/Turska-Sirija-slika-6-649x365.jpg\" class=\"attachment-medium size-medium\" alt=\"\" srcset=\"https:\/\/www.merhamet.ba\/old\/wp-content\/uploads\/2019\/03\/Turska-Sirija-slika-6-649x365.jpg 649w, https:\/\/www.merhamet.ba\/old\/wp-content\/uploads\/2019\/03\/Turska-Sirija-slika-6-500x280.jpg 500w, https:\/\/www.merhamet.ba\/old\/wp-content\/uploads\/2019\/03\/Turska-Sirija-slika-6-768x432.jpg 768w, https:\/\/www.merhamet.ba\/old\/wp-content\/uploads\/2019\/03\/Turska-Sirija-slika-6-840x473.jpg 840w, https:\/\/www.merhamet.ba\/old\/wp-content\/uploads\/2019\/03\/Turska-Sirija-slika-6.jpg 1280w\" sizes=\"(max-width: 649px) 100vw, 649px\" \/><\/a>\n\t\t\t<\/div><\/figure>\n\t\t<\/div>\n\n<p>Muslimansko dobrotvorno dru\u0161tvo \u201eMerhamet\u201c MDD organiziralo je akciju prikupljanja pomo\u0107i za stanovni\u0161tvo jugoisto\u010dne turske provincije Van, koju je krajem oktobra 2011. godine pogodio razorni zemljotres. Za uplatu, sa naznakom \u201ePomo\u0107 nastradalom stanovni\u0161tvu jugoisto\u010dne Turske\u201c, otvoren je poseban \u017eiro-ra\u010dun, a pomo\u0107 se mogla uplatiti i pozivom na humanitarni broj i na taj na\u010din su gra\u0111ani BiH mogli donirati po tri konvertibilne marke.<br \/>\nRegionalni odbor \u201eMerhameta\u201d Gora\u017ede, uz pokroviteljstvo HO \u201eMerhamet\u201d MDD, organizirao je humanitarni koncert u Centru za kulturu u Gora\u017edu. Sav prihod od koncerta bio je namijenjen za pomo\u0107 stanovni\u0161tvu Turske pogo\u0111eno zemljotresom.<\/p>\n<p>&nbsp;<\/p>\n<p><strong>\u201eMERHAMET\u201d DOSEGAO DO JAPANA, AMERIKE, HAITIJA&#8230;<\/strong><\/p>\n<p>Nakon katastrofalnog zemljotresa koji je pogodio Japan, Muslimansko doborotvorno dru\u0161tvo \u201eMerhamet\u201d donio je odluku o Odluku o otvaranju humanitarnog broja te \u017eiro-ra\u010duna u Vakufskoj banci Sarajevo, kako bi se prikupila pomo\u0107 udro\u017eenom stanovni\u0161tvu ove zemlje. Pozivom na humanitarni broj otvoren za tu svrhu, gra\u0111ani BiH mogli su donirati tri marke.<br \/>\nJedna od zna\u010dajnijih me\u0111unarodnih humanitarnih akcija Muslimanskog dobrotvornog dru\u0161tva \u201eMerhamet\u201c bila je akcija prikupljanja pomo\u0107i za ugro\u017eene gra\u0111ane Nju Orleansa, u Sjedinjenim Ameri\u010dkim Dr\u017eavama, koji je polovinom 2005. godine pogodio razorni uragan \u201eChatrine\u201d i opusto\u0161io to podru\u010dje, a brojne stanovnike Nju Orleansa ostavio bez krova nad glavom.<br \/>\nTokom \u201eMerhametove\u201c akcije prikupljeno je oko 100.000 konvertibilnih maraka. Tada\u0161nji ambasador Sjedinjenih Ameri\u010dkih Dr\u017eava u Bosni i Hercegovini Daglas Meklhejni (Douglas McElhaney), u ime ameri\u010dkog predsjednika D\u017eord\u017ea Bu\u0161a (George Bush) i gra\u0111ana Nju Orleansa, uru\u010dio je zahvalnicu \u201eMerhametu\u201c zbog provedene akcije i nesebi\u010dne pomo\u0107i i solidarnosti koju su pokazali gra\u0111ani Bosne i Hercegovine.<br \/>\nUpravni odbor humanitarne organizacije \u201eMerhamet\u201c MDD organizirao je i akciju pomo\u0107i stradalom stanovni\u0161tvu Haitija kao odgovor na katastrofalni zemljotres koji je pogodio ovu veoma siroma\u0161nu zemlju i njeno stanovni\u0161tvo. Pomo\u0107 je upu\u0107ena narodu Haitija preko nadle\u017enih dr\u017eavnih organa. Organizirana je i humanitarna akcija za pomo\u0107 Rohnja muslimanima, kao i za narod Nepala nakon katastrofalnog zemljotresa u ovoj zemlji.<\/p>\n<p>&nbsp;<\/p>\n<p>IZBJEGLICAMA IZ SIRIJE DONIRANO 600 TONA MESA ILI 36.000 KURBANA<\/p>\n<p>\u201eMerhamet\u201c je 2018. godine sirijskim izbjeglicama u izbjegli\u010dkim kampovima u Republici Turskoj URU\u010cIO OKO 100 TONA MESA (5.980 KURBANA)<\/p>\n<p>&#8211; POMO\u0106 ZA 35.000 IZBJEGLI\u010cKIH PORODICA<\/p>\n<p>&#8211; Kurbansko meso dopremljeno u IZBJEGLI\u010cKI KAMP \u201eNOVI \u017dIVOT\u201c, u sirijskom gradu \u010cOBANBEJ.<\/p>\n<p>&#8211; Ova akcija se provodi ve\u0107 PET GODINA ZAREDOM.<\/p>\n<p>&#8211; Za pet godina donirano oko 600 TONA MESA (35.840 KURBANA).<\/p>\n<p>&#8211; I ovogodi\u0161nju akciju \u201eMerhamet\u201c je uspje\u0161no proveo sa partnerskom organizacijom \u201eCRVENI POLUMJESEC\u201c I AFAD iz Turske<\/p>\n<p>&#8211; Logisti\u010dku pomo\u0107 \u201eMerhametu\u201c u provo\u0111enju ove akcije pru\u017eila je AMBASADA BiH U TURSKOJ I AMBASADOR BAKIR SADOVI\u0106.<\/p>\n<p>&#8211; Meso obezbije\u0111eno u akciji \u201eAustralijski kurban\u201c, koju \u201eMerhamet\u201c provodi u saradnji sa \u201eMERHAMETOM\u201c AUSTRALIJE.<\/p>\n<p>&#8211; Ove vrijedne donacije \u201eMerhamet\u201c je obezbijedio ZAHVALJUJU\u0106I SOLIDARNOSTI GRA\u0110ANA BiH koji su, po ko zna koji put, ukazali povjerenje ovoj humanitarnoj organizaciji te donirali kurbane za izbjeglice iz Sirije. Ovim putem im se jo\u0161 jednom zahvaljujemo.<\/p>\n<p>Godine 2013., u zajedni\u010dkoj akciji sa Islamskom zajednicom u BiH, \u201cMerhamet\u201d je OPREMIO IZBJEGLI\u010cKI KAMP KOD \u0160ANLIURFE SA 280 VE\u0160 MA\u0160IMA i jednim kontejnerom sa sudoperama.<\/p>\n<p>Krajem 2013. godine \u201cMerhamet\u201d je u Republici Turskoj progla\u0161en kao NAJBOLJA STRANA HUMANITARNA ORGANIZACIJA. godinu ranije, takva nagrada uru\u010dena je UNICEF-u.<\/p>\n","protected":false},"excerpt":{"rendered":"<p>Me\u0111unarodne humanitarne akcije \u0161irom svijeta DOBRO\u010cINSTVO \u201eMERHAMETA\u201c ODAVNO JE PRE\u0160LO GRANICE BiH &nbsp; Misija dobro\u010dinstva Muslimanskog dobrotvornog dru\u0161tva \u201eMerhamet\u201c poodavno<\/p>\n","protected":false},"author":5,"featured_media":0,"parent":0,"menu_order":0,"comment_status":"closed","ping_status":"closed","template":"","meta":{"colormag_page_container_layout":"default_layout","colormag_page_sidebar_layout":"default_layout","nf_dc_page":"","footnotes":""},"class_list":["post-1132","page","type-page","status-publish","hentry"],"aioseo_notices":[],"_links":{"self":[{"href":"https:\/\/www.merhamet.ba\/old\/wp-json\/wp\/v2\/pages\/1132","targetHints":{"allow":["GET"]}}],"collection":[{"href":"https:\/\/www.merhamet.ba\/old\/wp-json\/wp\/v2\/pages"}],"about":[{"href":"https:\/\/www.merhamet.ba\/old\/wp-json\/wp\/v2\/types\/page"}],"author":[{"embeddable":true,"href":"https:\/\/www.merhamet.ba\/old\/wp-json\/wp\/v2\/users\/5"}],"replies":[{"embeddable":true,"href":"https:\/\/www.merhamet.ba\/old\/wp-json\/wp\/v2\/comments?post=1132"}],"version-history":[{"count":1,"href":"https:\/\/www.merhamet.ba\/old\/wp-json\/wp\/v2\/pages\/1132\/revisions"}],"predecessor-version":[{"id":1147,"href":"https:\/\/www.merhamet.ba\/old\/wp-json\/wp\/v2\/pages\/1132\/revisions\/1147"}],"wp:attachment":[{"href":"https:\/\/www.merhamet.ba\/old\/wp-json\/wp\/v2\/media?parent=1132"}],"curies":[{"name":"wp","href":"https:\/\/api.w.org\/{rel}","templated":true}]}}