{"id":1118,"date":"2019-03-11T20:31:17","date_gmt":"2019-03-11T20:31:17","guid":{"rendered":"https:\/\/test.prosys-bau.com\/test\/?page_id=1118"},"modified":"2019-03-11T20:31:17","modified_gmt":"2019-03-11T20:31:17","slug":"kucna-njega-2","status":"publish","type":"page","link":"https:\/\/www.merhamet.ba\/old\/kucna-njega-2\/","title":{"rendered":"Ku\u0107na njega"},"content":{"rendered":"<h4>Ku\u0107na njega\u201c &#8211; jedan od najzna\u010dajnijih \u201eMerhametovih\u201c projekata<\/h4>\n<h4>BRIGA O STARIM, BOLESNIM I IZNEMOGLIM OSOBAMA<\/h4>\n<p>\u201eMerhamet\u201c uspje\u0161no provodi jedan od svojih najhumanijih projekata \u201eKu\u0107na njega\u201c.<\/p>\n<p>Cilj projekta je pru\u017eanje pomo\u0107i starijim osobama koje \u017eive u te\u0161kim okolnostima, posebno onima koji su usamljeni, bolesni ili su fizi\u010dki ograni\u010deni u svakodnevnom funkcioniranju i nemaju materijalnu niti moralnu podr\u0161ku od strane dru\u0161tva i svojih najbli\u017eih.<\/p>\n<div id='gallery-1' class='gallery galleryid-1118 gallery-columns-3 gallery-size-colormag-featured-image'><figure class='gallery-item'>\n\t\t\t<div class='gallery-icon landscape'>\n\t\t\t\t<a href='https:\/\/www.merhamet.ba\/old\/wp-content\/uploads\/2019\/03\/Kucna-njega-1.jpg'><img fetchpriority=\"high\" decoding=\"async\" width=\"800\" height=\"445\" src=\"https:\/\/www.merhamet.ba\/old\/wp-content\/uploads\/2019\/03\/Kucna-njega-1-800x445.jpg\" class=\"attachment-colormag-featured-image size-colormag-featured-image\" alt=\"\" \/><\/a>\n\t\t\t<\/div><\/figure><figure class='gallery-item'>\n\t\t\t<div class='gallery-icon landscape'>\n\t\t\t\t<a href='https:\/\/www.merhamet.ba\/old\/wp-content\/uploads\/2019\/03\/Kucna-njega-2.jpg'><img decoding=\"async\" width=\"800\" height=\"445\" src=\"https:\/\/www.merhamet.ba\/old\/wp-content\/uploads\/2019\/03\/Kucna-njega-2-800x445.jpg\" class=\"attachment-colormag-featured-image size-colormag-featured-image\" alt=\"\" \/><\/a>\n\t\t\t<\/div><\/figure><figure class='gallery-item'>\n\t\t\t<div class='gallery-icon landscape'>\n\t\t\t\t<a href='https:\/\/www.merhamet.ba\/old\/wp-content\/uploads\/2019\/03\/Kucna-njega-3.jpg'><img decoding=\"async\" width=\"800\" height=\"445\" src=\"https:\/\/www.merhamet.ba\/old\/wp-content\/uploads\/2019\/03\/Kucna-njega-3-800x445.jpg\" class=\"attachment-colormag-featured-image size-colormag-featured-image\" alt=\"\" \/><\/a>\n\t\t\t<\/div><\/figure><figure class='gallery-item'>\n\t\t\t<div class='gallery-icon landscape'>\n\t\t\t\t<a href='https:\/\/www.merhamet.ba\/old\/wp-content\/uploads\/2019\/03\/Kucna-njega-4.jpg'><img loading=\"lazy\" decoding=\"async\" width=\"800\" height=\"445\" src=\"https:\/\/www.merhamet.ba\/old\/wp-content\/uploads\/2019\/03\/Kucna-njega-4-800x445.jpg\" class=\"attachment-colormag-featured-image size-colormag-featured-image\" alt=\"\" \/><\/a>\n\t\t\t<\/div><\/figure><figure class='gallery-item'>\n\t\t\t<div class='gallery-icon landscape'>\n\t\t\t\t<a href='https:\/\/www.merhamet.ba\/old\/wp-content\/uploads\/2019\/03\/Kucna-njega-6.jpg'><img loading=\"lazy\" decoding=\"async\" width=\"800\" height=\"445\" src=\"https:\/\/www.merhamet.ba\/old\/wp-content\/uploads\/2019\/03\/Kucna-njega-6-800x445.jpg\" class=\"attachment-colormag-featured-image size-colormag-featured-image\" alt=\"\" \/><\/a>\n\t\t\t<\/div><\/figure><figure class='gallery-item'>\n\t\t\t<div class='gallery-icon landscape'>\n\t\t\t\t<a href='https:\/\/www.merhamet.ba\/old\/wp-content\/uploads\/2019\/03\/Kucna-njega-5.jpg'><img loading=\"lazy\" decoding=\"async\" width=\"800\" height=\"445\" src=\"https:\/\/www.merhamet.ba\/old\/wp-content\/uploads\/2019\/03\/Kucna-njega-5-800x445.jpg\" class=\"attachment-colormag-featured-image size-colormag-featured-image\" alt=\"\" \/><\/a>\n\t\t\t<\/div><\/figure>\n\t\t<\/div>\n\n<p>Starim i iznemoglim osobama pru\u017eaju se kvalitetne usluge pomo\u0107i u ku\u0107i i zdravstvene usluge (mjerenje krvnog pritiska, \u0161e\u0107era u krvi, holesterola i triglicerida) od strane stru\u010dnih lica (medicinske sestre i psihologa) i volontera.<\/p>\n<p>Dolaskom na adresu korisnika, volonteri pru\u017eaju sljede\u0107e usluge: psiho-socijalnu podr\u0161ku, pomo\u0107 u ku\u0107i, pratnju ljekaru, pratnju u \u0161etnju, odlazak u kupovinu, odlazak u apoteku, administrativne usluge i druge vrste poslova koje korisnici, zbog bolesti i starosti, nisu u mogu\u0107nosti samostalno obavljati.<\/p>\n<p>Volonteri su du\u017eni da sedmi\u010dno bar jednom obi\u0111u svakog korisnika, a na kraju sedmice pi\u0161u izvje\u0161taj koji \u0161alju koordinatoru projekta.<\/p>\n<p>\u201eMerhameta\u201c planira da projekat \u201eKu\u0107na njega\u201c pro\u0161iri na cijelu teritoriju BiH.<\/p>\n<div id='gallery-2' class='gallery galleryid-1118 gallery-columns-3 gallery-size-colormag-featured-image'><figure class='gallery-item'>\n\t\t\t<div class='gallery-icon landscape'>\n\t\t\t\t<a href='https:\/\/www.merhamet.ba\/old\/wp-content\/uploads\/2019\/03\/Kucna-njega-7.jpg'><img loading=\"lazy\" decoding=\"async\" width=\"720\" height=\"445\" src=\"https:\/\/www.merhamet.ba\/old\/wp-content\/uploads\/2019\/03\/Kucna-njega-7-720x445.jpg\" class=\"attachment-colormag-featured-image size-colormag-featured-image\" alt=\"\" \/><\/a>\n\t\t\t<\/div><\/figure><figure class='gallery-item'>\n\t\t\t<div class='gallery-icon landscape'>\n\t\t\t\t<a href='https:\/\/www.merhamet.ba\/old\/wp-content\/uploads\/2019\/03\/Kucna-njega-8.jpg'><img loading=\"lazy\" decoding=\"async\" width=\"800\" height=\"445\" src=\"https:\/\/www.merhamet.ba\/old\/wp-content\/uploads\/2019\/03\/Kucna-njega-8-800x445.jpg\" class=\"attachment-colormag-featured-image size-colormag-featured-image\" alt=\"\" \/><\/a>\n\t\t\t<\/div><\/figure><figure class='gallery-item'>\n\t\t\t<div class='gallery-icon landscape'>\n\t\t\t\t<a href='https:\/\/www.merhamet.ba\/old\/wp-content\/uploads\/2019\/03\/Kucna-njega-9.jpg'><img loading=\"lazy\" decoding=\"async\" width=\"800\" height=\"445\" src=\"https:\/\/www.merhamet.ba\/old\/wp-content\/uploads\/2019\/03\/Kucna-njega-9-800x445.jpg\" class=\"attachment-colormag-featured-image size-colormag-featured-image\" alt=\"\" \/><\/a>\n\t\t\t<\/div><\/figure>\n\t\t<\/div>\n\n","protected":false},"excerpt":{"rendered":"<p>Ku\u0107na njega\u201c &#8211; jedan od najzna\u010dajnijih \u201eMerhametovih\u201c projekata BRIGA O STARIM, BOLESNIM I IZNEMOGLIM OSOBAMA \u201eMerhamet\u201c uspje\u0161no provodi jedan od<\/p>\n","protected":false},"author":5,"featured_media":1119,"parent":0,"menu_order":0,"comment_status":"closed","ping_status":"closed","template":"","meta":{"colormag_page_container_layout":"default_layout","colormag_page_sidebar_layout":"default_layout","nf_dc_page":"","footnotes":""},"class_list":["post-1118","page","type-page","status-publish","has-post-thumbnail","hentry"],"aioseo_notices":[],"_links":{"self":[{"href":"https:\/\/www.merhamet.ba\/old\/wp-json\/wp\/v2\/pages\/1118","targetHints":{"allow":["GET"]}}],"collection":[{"href":"https:\/\/www.merhamet.ba\/old\/wp-json\/wp\/v2\/pages"}],"about":[{"href":"https:\/\/www.merhamet.ba\/old\/wp-json\/wp\/v2\/types\/page"}],"author":[{"embeddable":true,"href":"https:\/\/www.merhamet.ba\/old\/wp-json\/wp\/v2\/users\/5"}],"replies":[{"embeddable":true,"href":"https:\/\/www.merhamet.ba\/old\/wp-json\/wp\/v2\/comments?post=1118"}],"version-history":[{"count":1,"href":"https:\/\/www.merhamet.ba\/old\/wp-json\/wp\/v2\/pages\/1118\/revisions"}],"predecessor-version":[{"id":1129,"href":"https:\/\/www.merhamet.ba\/old\/wp-json\/wp\/v2\/pages\/1118\/revisions\/1129"}],"wp:featuredmedia":[{"embeddable":true,"href":"https:\/\/www.merhamet.ba\/old\/wp-json\/wp\/v2\/media\/1119"}],"wp:attachment":[{"href":"https:\/\/www.merhamet.ba\/old\/wp-json\/wp\/v2\/media?parent=1118"}],"curies":[{"name":"wp","href":"https:\/\/api.w.org\/{rel}","templated":true}]}}